{"id":4077,"date":"2020-01-28T11:30:20","date_gmt":"2020-01-28T11:30:20","guid":{"rendered":"https:\/\/htmas.eu\/?page_id=4077"},"modified":"2020-01-30T08:48:01","modified_gmt":"2020-01-30T08:48:01","slug":"informations","status":"publish","type":"page","link":"https:\/\/www.htmas.eu\/sk\/informations\/","title":{"rendered":"Inform\u00e1cie"},"content":{"rendered":"<div class=\"wpb-content-wrapper\"><!-- CWS Row --><div class=\"cws-content clearfix\"><div class=\"vc_row wpb_row vc_row-fluid vc_custom_1579101384844 vc_row-o-equal-height vc_row-flex\"><div class=\"wpb_column vc_column_container vc_col-sm-12 vc_col-has-padding cws-column\"><div class=\"cws_vc_column-inner vc_custom_1579099836043\"><div class=\"wpb_column vc_column_container vc_col-sm-12\"><div class=\"vc_column-inner vc_custom_1579099836043\"><div class=\"wpb_wrapper\"><div class=\"cws_spacing cws_spacing_size_sm_desctop-on cws_spacing_tablet-on cws_spacing_mobile-on\"><div class=\"cws_spacing cws_spacing_default\" style=\"height:90px;\"><\/div> <div class=\"cws_spacing cws_spacing_size_sm_desctop\" style=\"height:90px;\"><\/div> <div class=\"cws_spacing cws_spacing_tablet\" style=\"height:50px;\"><\/div> <div class=\"cws_spacing cws_spacing_mobile\" style=\"height:0px;\"><\/div><\/div><div class='cws_textmodule cws_vc_shortcode_module' id='cws_textmodule_69f218d492462'><div class='cws_textmodule_wrapper'><div class='cws_textmodule_text text_align_left'><div class='cws_textmodule_titles display_block'><h2 class='cws_textmodule_title'><span>INFORM\u00c1CIE PRE KONCOV\u00ddCH U\u017d\u00cdVATE\u013dOV<\/span><\/h2><\/div><div class='cws_textmodule_content'><div class='text_content_wrapper'><p><strong>1. Identifika\u010dn\u00e9 \u00fadaje podniku<\/strong><br \/>\nObchodn\u00e9 meno: HTMAS s.r.o.<br \/>\nS\u00eddlo: Matu\u0161kova 48, 976 31 Vlkanov\u00e1<br \/>\nI\u010cO: 36644692, I\u010c DPH: SK2022106603<br \/>\nSpolo\u010dnos\u0165 je zap\u00edsan\u00e1 v obchodnom registri vedenom Okresn\u00fdm s\u00fadom Bansk\u00e1 Bystrica, oddiel: Sro, vlo\u017eka \u010d.: 11173\/S<\/p>\n<p><strong>2. Rozsah poskytovan\u00fdch slu\u017eieb<\/strong><br \/>\nHTMAS s.r.o. poskytuje nasledovn\u00e9 elektronick\u00e9 komunika\u010dn\u00e9 slu\u017eby: Verejn\u00e1 elektronick\u00e1 komunika\u010dn\u00e1 slu\u017eba sprostredkovania pr\u00edstupu do siete Internet.<\/p>\n<p><strong>3. \u0160tandardn\u00e9 zmluvn\u00e9 podmienky<\/strong><br \/>\n\u0160tandardn\u00e9 zmluvn\u00e9 podmienky sa nach\u00e1dzaj\u00fa vo\u00a0<a href=\"https:\/\/htmas.eu\/2020\/01\/29\/telecommunications-general-sales-conditions\/\">V\u0161eobecn\u00fdch podmienkach<\/a>\u00a0platn\u00fdch pre jednotliv\u00e9 verejn\u00e9 elektronick\u00e9 komunika\u010dn\u00e9 slu\u017eby, ktor\u00e9 boli vydan\u00e9 v s\u00falade so z\u00e1konom \u010d. 351\/2011 Z.z. o elektronick\u00fdch komunik\u00e1ci\u00e1ch v znen\u00ed neskor\u0161\u00edch predpisov. V\u0161eobecn\u00fdch podmienok pre jednotliv\u00e9 slu\u017eby sa nach\u00e1dzaj\u00fa na tejto str\u00e1nke. Minim\u00e1lna doba trvania zmluvn\u00e9ho vz\u0165ahu medzi HTMAS s.r.o. a z\u00e1kazn\u00edkom je v pr\u00edpade uzavretia zmluvn\u00e9ho vz\u0165ahu na dobu neur\u010dit\u00fa pod\u013ea V\u0161eobecn\u00fdch podmienok.<\/p>\n<p><strong>4. \u0160tandardn\u00e9 ceny<\/strong><br \/>\n\u0160tandardn\u00e9 ceny s inform\u00e1ciami o poskytovan\u00fdch slu\u017eb\u00e1ch a v\u0161etk\u00fdch cenov\u00fdch polo\u017ek\u00e1ch slu\u017eieb, vr\u00e1tane v\u0161etk\u00fdch druhov u\u017e\u00edvate\u013esk\u00fdch poplatkov za slu\u017eby a servisn\u00fdch poplatkov, podrobnosti o uplat\u0148ovan\u00fdch \u0161tandardn\u00fdch z\u013eav\u00e1ch, poplatky alebo n\u00e1klady \u00fa\u010dastn\u00edka s\u00favisiace s koncov\u00fdmi zariadeniami, ktor\u00e9 s\u00fa dostupn\u00e9 na uveden\u00e9 v tarife.<\/p>\n<p><strong>5. Reklama\u010dn\u00fd poriadok<\/strong><br \/>\nReklama\u010dn\u00fd poriadok, vr\u00e1tane podrobnost\u00ed o pon\u00fakan\u00fdch sp\u00f4soboch od\u0161kodnenia v pr\u00edpade uznania reklam\u00e1cie je obsiahnut\u00fd vo V\u0161eobecn\u00fdch podmienkach.<\/p>\n<p><strong>6. Mechanizmy na urovnanie sporov<\/strong><br \/>\nMechanizmy na urovnanie sporov s\u00fa uveden\u00e9 vo V\u0161eobecn\u00fdch podmienkach.<\/p>\n<p><strong>7. Zmeny podmienok t\u00fdkaj\u00facich sa pr\u00edstupu k slu\u017eb\u00e1m a aplik\u00e1ci\u00e1m alebo ich pou\u017e\u00edvania<\/strong><br \/>\nInform\u00e1cie o zmen\u00e1ch podmienok t\u00fdkaj\u00facich sa pr\u00edstupu k slu\u017eb\u00e1m a aplik\u00e1ci\u00e1m alebo ich pou\u017e\u00edvania s\u00fa uveden\u00e9 vo V\u0161eobecn\u00fdch podmienkach.<\/p>\n<p><strong>8. Inform\u00e1cie o postupoch uplat\u0148ovan\u00fdch podnikom<\/strong><br \/>\nInform\u00e1cie o postupoch uplat\u0148ovan\u00fdch podnikom, zameran\u00fdch na meranie a riadenie prev\u00e1dzky, s cie\u013eom predch\u00e1dza\u0165 tomu, aby sa naplnila alebo presiahla kapacita sie\u0165ov\u00e9ho pripojenia, a o tom, ako by tieto postupy mohli vpl\u00fdva\u0165 na kvalitu slu\u017eieb. Podnik m\u00e1 dostato\u010dn\u00fa kapacitu siete, a preto nemusi uplatnova\u0165 mechanizmy na obmedzovanie prev\u00e1dzky zd\u00f4vodu predch\u00e1dza\u0165, aby sa naplnila alebo presiahla kapacita sie\u0165ov\u00e9ho pripojenia.<\/p>\n<p><strong>9. Inform\u00e1cie pre \u00fa\u010dastn\u00edkov so zdravotn\u00fdm postihnut\u00edm<\/strong><br \/>\nHTMAS s.r.o. ako transparentn\u00fd oper\u00e1tor pristupuje rovnako k v\u0161etk\u00fdm skupin\u00e1m z\u00e1kazn\u00edkov bez rozdielu. Slu\u017eby vr\u00e1tane v\u0161etk\u00fdch ich v\u00fdhod a benefitov m\u00f4\u017eu vyu\u017e\u00edva\u0165 v\u0161etci na\u0161i z\u00e1kazn\u00edci. Z\u00e1kazn\u00edci so zdravotn\u00fdm postihnut\u00edm sa na n\u00e1s m\u00f4\u017eu obraca\u0165 s individu\u00e1lnymi \u017eiados\u0165ami.<\/p>\n<p><strong>10. Kvalita slu\u017eby<\/strong><br \/>\nInform\u00e1cie pre koncov\u00fdch u\u017e\u00edvate\u013eov o kvalite slu\u017eieb a o opatreniach prijat\u00fdch na zabezpe\u010denie rovnocenn\u00e9ho pr\u00edstupu k slu\u017eb\u00e1m pre koncov\u00fdch u\u017e\u00edvate\u013eov so zdravotn\u00fdm postihnut\u00edm. HTMAS s.r.o. ako transparentn\u00fd oper\u00e1tor pristupuje rovnako ku v\u0161etk\u00fdm skupin\u00e1m z\u00e1kazn\u00edkov bez rozdielu. Slu\u017eby vr\u00e1tane v\u0161etk\u00fdch ich v\u00fdhod a benefitov m\u00f4\u017eu vyu\u017e\u00edva\u0165 v\u0161etci na\u0161i z\u00e1kazn\u00edci. Z\u00e1kazn\u00edci so zdravotn\u00fdm postihnut\u00edm sa na n\u00e1s m\u00f4\u017eu obraca\u0165 s individu\u00e1lnymi \u017eiados\u0165ami.<\/p>\n<p><strong>11. Pr\u00e1va s\u00favisiace s univerz\u00e1lnou slu\u017ebou<\/strong><br \/>\nInform\u00e1cie o pr\u00e1vach s\u00favisiacich s univerz\u00e1lnou slu\u017ebou, slu\u017ebe prezent\u00e1cie identifik\u00e1cie volaj\u00faceho a slu\u017ebe zamedzenia prezent\u00e1cie identifik\u00e1cie volaj\u00faceho. HTMAS s.r.o. nie je poskytovate\u013eom univerz\u00e1lnej slu\u017eby.<\/p>\n<p><strong>12. Inform\u00e1cie pod\u013ea parametrov<\/strong><br \/>\nInform\u00e1cie oh\u013eadom parametrov riadenia slu\u017eieb vo vlastnej sieti podniku (ktor\u00e9 maj\u00fa za n\u00e1sledok, blokovanie resp. spomalenie vybran\u00fdch portov) podnik \u017eiadnu slu\u017ebu neblokuje.<\/p>\n<p><strong>13. Inform\u00e1cie o postupoch v pr\u00edpade neplatenia fakt\u00far<\/strong><br \/>\nInform\u00e1cie o postupoch v pr\u00edpade neplatenia fakt\u00far s\u00fa uveden\u00e9 vo V\u0161eobecn\u00fdch podmienkach. Vo v\u0161eobecnosti uplat\u0148uje HTMAS s.r.o. politiku upozornenia z\u00e1kazn\u00edka na nezaplaten\u00fa fakt\u00faru dostato\u010dn\u00fd \u010das pred blokovan\u00edm slu\u017eieb.<\/p>\n<p><strong>14. Bez poplatku inform\u00e1cie<\/strong><br \/>\nPre inform\u00e1cie oh\u013eadom n\u00e1kladov aj pre in\u00e9 poskytovan\u00e9 slu\u017eby s\u00fa z\u00e1kazn\u00edkom k dispoz\u00edcii na\u0161i zamestnanci, ktor\u00fdch mo\u017eno kontaktova\u0165 telefonicky alebo mailom prostredn\u00edctvom kontaktov.<\/p>\n<p><strong>Odkazy:<\/strong><br \/>\n<a href=\"https:\/\/htmas.eu\/2020\/01\/29\/telecommunications-general-sales-conditions\/\">V\u0161eobecn\u00e9 podmienky<\/a><br \/>\n<a href=\"https:\/\/htmas.eu\/2020\/01\/29\/telecommunications-the-tariff\/\">Tarifa<\/a><br \/>\n<a href=\"https:\/\/htmas.eu\/2020\/01\/29\/telecommunications-contract-agreement\/\">Zmluva<\/a><br \/>\n<a href=\"https:\/\/htmas.eu\/2020\/01\/29\/telecommunications-tu-sr\/\">\u0160pecifik\u00e1cia rozhran\u00ed T\u0160\u00daR<\/a><\/p>\n<\/div><\/div><\/div><\/div><\/div><div class=\"cws_spacing cws_spacing_size_sm_desctop-on cws_spacing_tablet-on cws_spacing_mobile-on\"><div class=\"cws_spacing cws_spacing_default\" style=\"height:40px;\"><\/div> <div class=\"cws_spacing cws_spacing_size_sm_desctop\" style=\"height:40px;\"><\/div> <div class=\"cws_spacing cws_spacing_tablet\" style=\"height:40px;\"><\/div> <div class=\"cws_spacing cws_spacing_mobile\" style=\"height:40px;\"><\/div><\/div><\/div><\/div><\/div><!-- CWS Column --> <\/div><\/div><\/div><\/div><!-- CWS Row --><div class=\"cws-content clearfix\"><div data-vc-full-width=\"true\" data-vc-full-width-init=\"false\" data-vc-stretch-content=\"true\" class=\"vc_row wpb_row vc_row-fluid vc_custom_1579100429683\"><div class=\"wpb_column vc_column_container vc_col-sm-12 cws-column\"><div class=\"cws_vc_column-inner\"><div class=\"wpb_column vc_column_container vc_col-sm-12\"><div class=\"vc_column-inner\"><div class=\"wpb_wrapper\"><div class=\"vc_empty_space\"   style=\"height: 5px\"><span class=\"vc_empty_space_inner\"><\/span><\/div><\/div><\/div><\/div><!-- CWS Column --> <\/div><\/div><\/div><div class=\"vc_row-full-width vc_clearfix\"><\/div><\/div>\n<\/div>","protected":false},"excerpt":{"rendered":"INFORM\u00c1CIE PRE KONCOV\u00ddCH U\u017d\u00cdVATE\u013dOV1. Identifika\u010dn\u00e9 \u00fadaje podniku Obchodn\u00e9 meno: HTMAS s.r.o. S\u00eddlo: Matu\u0161kova 48, 976 31 Vlkanov\u00e1 I\u010cO: 36644692, I\u010c DPH: SK2022106603 Spolo\u010dnos\u0165 je zap\u00edsan\u00e1 v obchodnom registri vedenom Okresn\u00fdm s\u00fadom Bansk\u00e1 Bystrica, oddiel: Sro, vlo\u017eka \u010d.: 11173\/S 2. Rozsah poskytovan\u00fdch slu\u017eieb HTMAS s.r.o. poskytuje nasledovn\u00e9 elektronick\u00e9 komunika\u010dn\u00e9 slu\u017eby: Verejn\u00e1 elektronick\u00e1 komunika\u010dn\u00e1 slu\u017eba sprostredkovania pr\u00edstupu do siete Internet. 3. \u0160tandardn\u00e9 zmluvn\u00e9 podmienky \u0160tandardn\u00e9 zmluvn\u00e9 podmienky sa nach\u00e1dzaj\u00fa vo\u00a0V\u0161eobecn\u00fdch podmienkach\u00a0platn\u00fdch pre jednotliv\u00e9 verejn\u00e9 elektronick\u00e9 komunika\u010dn\u00e9 slu\u017eby, ktor\u00e9 boli vydan\u00e9 v s\u00falade so z\u00e1konom \u010d. 351\/2011 Z.z. o elektronick\u00fdch komunik\u00e1ci\u00e1ch v znen\u00ed neskor\u0161\u00edch predpisov. V\u0161eobecn\u00fdch podmienok pre jednotliv\u00e9 slu\u017eby sa nach\u00e1dzaj\u00fa na tejto str\u00e1nke. Minim\u00e1lna doba trvania zmluvn\u00e9ho vz\u0165ahu medzi HTMAS s.r.o. a z\u00e1kazn\u00edkom je v pr\u00edpade uzavretia zmluvn\u00e9ho vz\u0165ahu na dobu neur\u010dit\u00fa pod\u013ea V\u0161eobecn\u00fdch podmienok. 4. \u0160tandardn\u00e9 ceny \u0160tandardn\u00e9 ceny s inform\u00e1ciami o poskytovan\u00fdch slu\u017eb\u00e1ch a v\u0161etk\u00fdch cenov\u00fdch polo\u017ek\u00e1ch slu\u017eieb, vr\u00e1tane v\u0161etk\u00fdch druhov u\u017e\u00edvate\u013esk\u00fdch poplatkov za slu\u017eby a servisn\u00fdch poplatkov, podrobnosti o uplat\u0148ovan\u00fdch \u0161tandardn\u00fdch z\u013eav\u00e1ch, poplatky alebo n\u00e1klady \u00fa\u010dastn\u00edka s\u00favisiace s koncov\u00fdmi zariadeniami, ktor\u00e9 s\u00fa dostupn\u00e9 na uveden\u00e9 v tarife. 5. Reklama\u010dn\u00fd poriadok Reklama\u010dn\u00fd poriadok, vr\u00e1tane podrobnost\u00ed o pon\u00fakan\u00fdch sp\u00f4soboch od\u0161kodnenia v pr\u00edpade uznania reklam\u00e1cie je obsiahnut\u00fd vo V\u0161eobecn\u00fdch podmienkach. 6. Mechanizmy na urovnanie sporov Mechanizmy na urovnanie sporov s\u00fa uveden\u00e9 vo V\u0161eobecn\u00fdch podmienkach. 7. Zmeny podmienok t\u00fdkaj\u00facich sa pr\u00edstupu k slu\u017eb\u00e1m a aplik\u00e1ci\u00e1m alebo ich pou\u017e\u00edvania Inform\u00e1cie o zmen\u00e1ch podmienok t\u00fdkaj\u00facich sa pr\u00edstupu k slu\u017eb\u00e1m a aplik\u00e1ci\u00e1m alebo ich pou\u017e\u00edvania s\u00fa uveden\u00e9 vo V\u0161eobecn\u00fdch podmienkach. 8. Inform\u00e1cie o postupoch uplat\u0148ovan\u00fdch podnikom Inform\u00e1cie o postupoch uplat\u0148ovan\u00fdch podnikom, zameran\u00fdch na meranie a riadenie prev\u00e1dzky, s cie\u013eom predch\u00e1dza\u0165 tomu, aby sa naplnila alebo presiahla kapacita sie\u0165ov\u00e9ho pripojenia, a o tom, ako by tieto postupy mohli vpl\u00fdva\u0165 na kvalitu slu\u017eieb. Podnik m\u00e1 dostato\u010dn\u00fa kapacitu siete, a preto nemusi uplatnova\u0165 mechanizmy na obmedzovanie prev\u00e1dzky zd\u00f4vodu predch\u00e1dza\u0165, aby sa naplnila alebo presiahla kapacita sie\u0165ov\u00e9ho pripojenia. 9. Inform\u00e1cie pre \u00fa\u010dastn\u00edkov so zdravotn\u00fdm postihnut\u00edm HTMAS s.r.o. ako transparentn\u00fd oper\u00e1tor pristupuje rovnako k v\u0161etk\u00fdm skupin\u00e1m z\u00e1kazn\u00edkov bez rozdielu. Slu\u017eby vr\u00e1tane v\u0161etk\u00fdch ich v\u00fdhod a benefitov m\u00f4\u017eu vyu\u017e\u00edva\u0165 v\u0161etci na\u0161i z\u00e1kazn\u00edci. Z\u00e1kazn\u00edci so zdravotn\u00fdm postihnut\u00edm sa na n\u00e1s m\u00f4\u017eu obraca\u0165 s individu\u00e1lnymi \u017eiados\u0165ami. 10. Kvalita slu\u017eby Inform\u00e1cie pre koncov\u00fdch u\u017e\u00edvate\u013eov o kvalite slu\u017eieb a o opatreniach prijat\u00fdch na zabezpe\u010denie rovnocenn\u00e9ho pr\u00edstupu k slu\u017eb\u00e1m pre koncov\u00fdch u\u017e\u00edvate\u013eov so zdravotn\u00fdm postihnut\u00edm. HTMAS s.r.o. ako transparentn\u00fd oper\u00e1tor pristupuje rovnako ku v\u0161etk\u00fdm skupin\u00e1m z\u00e1kazn\u00edkov bez rozdielu. Slu\u017eby vr\u00e1tane v\u0161etk\u00fdch ich v\u00fdhod a benefitov m\u00f4\u017eu vyu\u017e\u00edva\u0165 v\u0161etci na\u0161i z\u00e1kazn\u00edci. Z\u00e1kazn\u00edci so zdravotn\u00fdm postihnut\u00edm sa na n\u00e1s m\u00f4\u017eu obraca\u0165 s individu\u00e1lnymi \u017eiados\u0165ami. 11. Pr\u00e1va s\u00favisiace s univerz\u00e1lnou slu\u017ebou Inform\u00e1cie o pr\u00e1vach s\u00favisiacich s univerz\u00e1lnou slu\u017ebou, slu\u017ebe prezent\u00e1cie identifik\u00e1cie volaj\u00faceho a slu\u017ebe zamedzenia prezent\u00e1cie identifik\u00e1cie volaj\u00faceho. HTMAS s.r.o. nie je poskytovate\u013eom univerz\u00e1lnej slu\u017eby. 12. Inform\u00e1cie pod\u013ea parametrov Inform\u00e1cie oh\u013eadom parametrov riadenia slu\u017eieb vo vlastnej sieti podniku (ktor\u00e9 maj\u00fa za n\u00e1sledok, blokovanie resp. spomalenie vybran\u00fdch portov) podnik \u017eiadnu slu\u017ebu neblokuje. 13. Inform\u00e1cie o postupoch v pr\u00edpade neplatenia fakt\u00far Inform\u00e1cie o postupoch v pr\u00edpade neplatenia fakt\u00far s\u00fa uveden\u00e9 vo V\u0161eobecn\u00fdch podmienkach. Vo v\u0161eobecnosti uplat\u0148uje HTMAS s.r.o. politiku upozornenia z\u00e1kazn\u00edka na nezaplaten\u00fa fakt\u00faru dostato\u010dn\u00fd \u010das pred blokovan\u00edm slu\u017eieb. 14. Bez poplatku inform\u00e1cie Pre inform\u00e1cie oh\u013eadom n\u00e1kladov aj pre in\u00e9 poskytovan\u00e9 slu\u017eby s\u00fa z\u00e1kazn\u00edkom k dispoz\u00edcii na\u0161i zamestnanci, ktor\u00fdch mo\u017eno kontaktova\u0165 telefonicky alebo mailom prostredn\u00edctvom kontaktov. Odkazy: V\u0161eobecn\u00e9 podmienky Tarifa Zmluva \u0160pecifik\u00e1cia rozhran\u00ed T\u0160\u00daR","protected":false},"author":3,"featured_media":0,"parent":0,"menu_order":0,"comment_status":"closed","ping_status":"closed","template":"","meta":{"footnotes":""},"class_list":["post-4077","page","type-page","status-publish","hentry"],"yoast_head":"<!-- This site is optimized with the Yoast SEO plugin v24.7 - https:\/\/yoast.com\/wordpress\/plugins\/seo\/ -->\n<title>Informations - HTMAS s.r.o.<\/title>\n<meta name=\"robots\" content=\"index, follow, max-snippet:-1, max-image-preview:large, max-video-preview:-1\" \/>\n<link rel=\"canonical\" href=\"https:\/\/www.htmas.eu\/sk\/informations\/\" \/>\n<meta property=\"og:locale\" content=\"sk_SK\" \/>\n<meta property=\"og:type\" content=\"article\" \/>\n<meta property=\"og:title\" content=\"Informations - HTMAS s.r.o.\" \/>\n<meta property=\"og:url\" content=\"https:\/\/www.htmas.eu\/sk\/informations\/\" \/>\n<meta property=\"og:site_name\" content=\"HTMAS s.r.o.\" \/>\n<meta property=\"article:modified_time\" content=\"2020-01-30T08:48:01+00:00\" \/>\n<meta name=\"twitter:card\" content=\"summary_large_image\" \/>\n<meta name=\"twitter:label1\" content=\"Predpokladan\u00fd \u010das \u010d\u00edtania\" \/>\n\t<meta name=\"twitter:data1\" content=\"5 min\u00fat\" \/>\n<script type=\"application\/ld+json\" class=\"yoast-schema-graph\">{\"@context\":\"https:\/\/schema.org\",\"@graph\":[{\"@type\":\"WebPage\",\"@id\":\"https:\/\/www.htmas.eu\/informations\/\",\"url\":\"https:\/\/www.htmas.eu\/informations\/\",\"name\":\"Informations - HTMAS s.r.o.\",\"isPartOf\":{\"@id\":\"https:\/\/www.htmas.eu\/#website\"},\"datePublished\":\"2020-01-28T11:30:20+00:00\",\"dateModified\":\"2020-01-30T08:48:01+00:00\",\"breadcrumb\":{\"@id\":\"https:\/\/www.htmas.eu\/informations\/#breadcrumb\"},\"inLanguage\":\"sk-SK\",\"potentialAction\":[{\"@type\":\"ReadAction\",\"target\":[\"https:\/\/www.htmas.eu\/informations\/\"]}]},{\"@type\":\"BreadcrumbList\",\"@id\":\"https:\/\/www.htmas.eu\/informations\/#breadcrumb\",\"itemListElement\":[{\"@type\":\"ListItem\",\"position\":1,\"name\":\"Home\",\"item\":\"https:\/\/www.htmas.eu\/\"},{\"@type\":\"ListItem\",\"position\":2,\"name\":\"Informations\"}]},{\"@type\":\"WebSite\",\"@id\":\"https:\/\/www.htmas.eu\/#website\",\"url\":\"https:\/\/www.htmas.eu\/\",\"name\":\"HTMAS s.r.o.\",\"description\":\"..share your future with us\",\"publisher\":{\"@id\":\"https:\/\/www.htmas.eu\/#organization\"},\"potentialAction\":[{\"@type\":\"SearchAction\",\"target\":{\"@type\":\"EntryPoint\",\"urlTemplate\":\"https:\/\/www.htmas.eu\/?s={search_term_string}\"},\"query-input\":{\"@type\":\"PropertyValueSpecification\",\"valueRequired\":true,\"valueName\":\"search_term_string\"}}],\"inLanguage\":\"sk-SK\"},{\"@type\":\"Organization\",\"@id\":\"https:\/\/www.htmas.eu\/#organization\",\"name\":\"HTMAS s.r.o.\",\"url\":\"https:\/\/www.htmas.eu\/\",\"logo\":{\"@type\":\"ImageObject\",\"inLanguage\":\"sk-SK\",\"@id\":\"https:\/\/www.htmas.eu\/#\/schema\/logo\/image\/\",\"url\":\"https:\/\/www.htmas.eu\/wp-content\/uploads\/2020\/01\/logo_htmas.png\",\"contentUrl\":\"https:\/\/www.htmas.eu\/wp-content\/uploads\/2020\/01\/logo_htmas.png\",\"width\":695,\"height\":58,\"caption\":\"HTMAS s.r.o.\"},\"image\":{\"@id\":\"https:\/\/www.htmas.eu\/#\/schema\/logo\/image\/\"}}]}<\/script>\n<!-- \/ Yoast SEO plugin. -->","yoast_head_json":{"title":"Informations - HTMAS s.r.o.","robots":{"index":"index","follow":"follow","max-snippet":"max-snippet:-1","max-image-preview":"max-image-preview:large","max-video-preview":"max-video-preview:-1"},"canonical":"https:\/\/www.htmas.eu\/sk\/informations\/","og_locale":"sk_SK","og_type":"article","og_title":"Informations - HTMAS s.r.o.","og_url":"https:\/\/www.htmas.eu\/sk\/informations\/","og_site_name":"HTMAS s.r.o.","article_modified_time":"2020-01-30T08:48:01+00:00","twitter_card":"summary_large_image","twitter_misc":{"Predpokladan\u00fd \u010das \u010d\u00edtania":"5 min\u00fat"},"schema":{"@context":"https:\/\/schema.org","@graph":[{"@type":"WebPage","@id":"https:\/\/www.htmas.eu\/informations\/","url":"https:\/\/www.htmas.eu\/informations\/","name":"Informations - HTMAS s.r.o.","isPartOf":{"@id":"https:\/\/www.htmas.eu\/#website"},"datePublished":"2020-01-28T11:30:20+00:00","dateModified":"2020-01-30T08:48:01+00:00","breadcrumb":{"@id":"https:\/\/www.htmas.eu\/informations\/#breadcrumb"},"inLanguage":"sk-SK","potentialAction":[{"@type":"ReadAction","target":["https:\/\/www.htmas.eu\/informations\/"]}]},{"@type":"BreadcrumbList","@id":"https:\/\/www.htmas.eu\/informations\/#breadcrumb","itemListElement":[{"@type":"ListItem","position":1,"name":"Home","item":"https:\/\/www.htmas.eu\/"},{"@type":"ListItem","position":2,"name":"Informations"}]},{"@type":"WebSite","@id":"https:\/\/www.htmas.eu\/#website","url":"https:\/\/www.htmas.eu\/","name":"HTMAS s.r.o.","description":"..share your future with us","publisher":{"@id":"https:\/\/www.htmas.eu\/#organization"},"potentialAction":[{"@type":"SearchAction","target":{"@type":"EntryPoint","urlTemplate":"https:\/\/www.htmas.eu\/?s={search_term_string}"},"query-input":{"@type":"PropertyValueSpecification","valueRequired":true,"valueName":"search_term_string"}}],"inLanguage":"sk-SK"},{"@type":"Organization","@id":"https:\/\/www.htmas.eu\/#organization","name":"HTMAS s.r.o.","url":"https:\/\/www.htmas.eu\/","logo":{"@type":"ImageObject","inLanguage":"sk-SK","@id":"https:\/\/www.htmas.eu\/#\/schema\/logo\/image\/","url":"https:\/\/www.htmas.eu\/wp-content\/uploads\/2020\/01\/logo_htmas.png","contentUrl":"https:\/\/www.htmas.eu\/wp-content\/uploads\/2020\/01\/logo_htmas.png","width":695,"height":58,"caption":"HTMAS s.r.o."},"image":{"@id":"https:\/\/www.htmas.eu\/#\/schema\/logo\/image\/"}}]}},"_links":{"self":[{"href":"https:\/\/www.htmas.eu\/sk\/wp-json\/wp\/v2\/pages\/4077","targetHints":{"allow":["GET"]}}],"collection":[{"href":"https:\/\/www.htmas.eu\/sk\/wp-json\/wp\/v2\/pages"}],"about":[{"href":"https:\/\/www.htmas.eu\/sk\/wp-json\/wp\/v2\/types\/page"}],"author":[{"embeddable":true,"href":"https:\/\/www.htmas.eu\/sk\/wp-json\/wp\/v2\/users\/3"}],"replies":[{"embeddable":true,"href":"https:\/\/www.htmas.eu\/sk\/wp-json\/wp\/v2\/comments?post=4077"}],"version-history":[{"count":5,"href":"https:\/\/www.htmas.eu\/sk\/wp-json\/wp\/v2\/pages\/4077\/revisions"}],"predecessor-version":[{"id":4465,"href":"https:\/\/www.htmas.eu\/sk\/wp-json\/wp\/v2\/pages\/4077\/revisions\/4465"}],"wp:attachment":[{"href":"https:\/\/www.htmas.eu\/sk\/wp-json\/wp\/v2\/media?parent=4077"}],"curies":[{"name":"wp","href":"https:\/\/api.w.org\/{rel}","templated":true}]}}