{"id":4277,"date":"2020-01-29T07:10:35","date_gmt":"2020-01-29T07:10:35","guid":{"rendered":"https:\/\/htmas.eu\/?page_id=4277"},"modified":"2020-01-30T08:53:21","modified_gmt":"2020-01-30T08:53:21","slug":"supply-and-distribution-of-gas","status":"publish","type":"page","link":"https:\/\/www.htmas.eu\/sk\/supply-and-distribution-of-gas\/","title":{"rendered":"Distrib\u00facia a predaj plynu"},"content":{"rendered":"<div class=\"wpb-content-wrapper\"><!-- CWS Row --><div class=\"cws-content clearfix\"><div class=\"vc_row wpb_row vc_row-fluid\"><div class=\"wpb_column vc_column_container vc_col-sm-12 cws-column\"><div class=\"cws_vc_column-inner\"><div class=\"wpb_column vc_column_container vc_col-sm-12\"><div class=\"vc_column-inner\"><div class=\"wpb_wrapper\"><section id='posts_grid_69e49482e0dae' class='news hovernone blog_post posts_grid post_posts_grid posts_grid_related posts_grid_grid'><div class='cws_vc_shortcode_wrapper'><div class='cws_vc_shortcode_grid grid layout-related'><article id='post_post_69e49482e536f' class=\"item post no_likes post_post posts_grid_post  post-4342 type-post status-publish format-image has-post-thumbnail hentry category-gas category-notice-gas post_format-post-format-image\"><div class='post_wrapper post_post_wrapper posts_grid_post_wrapper clearfix'><div class='post_media post_post_media posts_grid_post_media'><div class='pic'><img src='https:\/\/www.htmas.eu\/wp-content\/uploads\/2020\/01\/htmas_gas_01d201f81_4281.jpg' data-no-retina alt='htmas_gas' \/><div class='hover-effect'><\/div><div class='plus_wrapper'><span><\/span><span><\/span><\/div><a class='link_area_post_media post_media_link post_post_media_link posts_grid_post_media_link' href='https:\/\/www.htmas.eu\/sk\/2020\/01\/29\/gas-notice\/'><\/a><\/div><\/div><div class='post_post_info posts_grid_post_info'><div class='post_info_header'><div class='post_info_meta'><\/div><div class='post_info_divider'><\/div><\/div><h4 class='post_title post_post_title posts_grid_post_title'><a href='https:\/\/www.htmas.eu\/sk\/2020\/01\/29\/gas-notice\/'>Inform\u00e1cie<\/a><\/h4><div class='post_content post_post_content posts_grid_post_content clearfix'><p>Zabezpe\u010dujeme dod\u00e1vku a distrib\u00faciu plynu pre priemyseln\u00fdch z\u00e1kazn\u00edkov. Spolo\u010dnos\u0165 HTMAS s.r.o. je opr\u00e1vnen\u00e1 podnika\u0165 v plyn\u00e1renstve na z\u00e1klade rozhodnutia \u00daradu pre regul\u00e1ciu sie\u0165ov\u00fdch odvetv\u00ed (\u00daRSO) odo d\u0148a 03.02.2009.<\/p>\n<\/div><div class='post_info_footer'><div class='post_more'><a href='https:\/\/www.htmas.eu\/sk\/2020\/01\/29\/gas-notice\/' class='read_more_button'>Viac inform\u00e1ci\u00ed<\/a><\/div><\/div><\/div><\/div><\/article><article id='post_post_69e49482e7002' class=\"item post no_likes post_post posts_grid_post  post-4335 type-post status-publish format-image has-post-thumbnail hentry category-gas category-the-legislation-gas category-urso-legislation-the-legislation-gas post_format-post-format-image\"><div class='post_wrapper post_post_wrapper posts_grid_post_wrapper clearfix'><div class='post_media post_post_media posts_grid_post_media'><div class='pic'><img src='https:\/\/www.htmas.eu\/wp-content\/uploads\/2020\/01\/htmas_gas_01d201f81_4281.jpg' data-no-retina alt='htmas_gas' \/><div class='hover-effect'><\/div><div class='plus_wrapper'><span><\/span><span><\/span><\/div><a class='link_area_post_media post_media_link post_post_media_link posts_grid_post_media_link' href='https:\/\/www.htmas.eu\/sk\/2020\/01\/29\/gas-urso-legislation\/'><\/a><\/div><\/div><div class='post_post_info posts_grid_post_info'><div class='post_info_header'><div class='post_info_meta'><\/div><div class='post_info_divider'><\/div><\/div><h4 class='post_title post_post_title posts_grid_post_title'><a href='https:\/\/www.htmas.eu\/sk\/2020\/01\/29\/gas-urso-legislation\/'>V\u00fdnosy \u00daRSO<\/a><\/h4><div class='post_content post_post_content posts_grid_post_content clearfix'><p>Zabezpe\u010dujeme dod\u00e1vku a distrib\u00faciu plynu pre priemyseln\u00fdch z\u00e1kazn\u00edkov. Spolo\u010dnos\u0165 HTMAS s.r.o. je opr\u00e1vnen\u00e1 podnika\u0165 v plyn\u00e1renstve na z\u00e1klade rozhodnutia \u00daradu pre regul\u00e1ciu sie\u0165ov\u00fdch odvetv\u00ed (\u00daRSO) odo d\u0148a 03.02.2009.<\/p>\n<\/div><div class='post_info_footer'><div class='post_more'><a href='https:\/\/www.htmas.eu\/sk\/2020\/01\/29\/gas-urso-legislation\/' class='read_more_button'>Viac inform\u00e1ci\u00ed<\/a><\/div><\/div><\/div><\/div><\/article><article id='post_post_69e49482e82f7' class=\"item post no_likes post_post posts_grid_post  post-4329 type-post status-publish format-image has-post-thumbnail hentry category-extract-from-the-crsr-the-legislation-gas category-gas category-the-legislation-gas post_format-post-format-image\"><div class='post_wrapper post_post_wrapper posts_grid_post_wrapper clearfix'><div class='post_media post_post_media posts_grid_post_media'><div class='pic'><img src='https:\/\/www.htmas.eu\/wp-content\/uploads\/2020\/01\/htmas_gas_01d201f81_4281.jpg' data-no-retina alt='htmas_gas' \/><div class='hover-effect'><\/div><div class='plus_wrapper'><span><\/span><span><\/span><\/div><a class='link_area_post_media post_media_link post_post_media_link posts_grid_post_media_link' href='https:\/\/www.htmas.eu\/sk\/2020\/01\/29\/gas-extract-from-the-crsr\/'><\/a><\/div><\/div><div class='post_post_info posts_grid_post_info'><div class='post_info_header'><div class='post_info_meta'><\/div><div class='post_info_divider'><\/div><\/div><h4 class='post_title post_post_title posts_grid_post_title'><a href='https:\/\/www.htmas.eu\/sk\/2020\/01\/29\/gas-extract-from-the-crsr\/'>V\u00fdpis z ORSR<\/a><\/h4><div class='post_content post_post_content posts_grid_post_content clearfix'><p>Zabezpe\u010dujeme dod\u00e1vku a distrib\u00faciu plynu pre priemyseln\u00fdch z\u00e1kazn\u00edkov. Spolo\u010dnos\u0165 HTMAS s.r.o. je opr\u00e1vnen\u00e1 podnika\u0165 v plyn\u00e1renstve na z\u00e1klade rozhodnutia \u00daradu pre regul\u00e1ciu sie\u0165ov\u00fdch odvetv\u00ed (\u00daRSO) odo d\u0148a 03.02.2009.<\/p>\n<\/div><div class='post_info_footer'><div class='post_more'><a href='https:\/\/www.htmas.eu\/sk\/2020\/01\/29\/gas-extract-from-the-crsr\/' class='read_more_button'>Viac inform\u00e1ci\u00ed<\/a><\/div><\/div><\/div><\/div><\/article><article id='post_post_69e49482e94e3' class=\"item post no_likes post_post posts_grid_post  post-4322 type-post status-publish format-image has-post-thumbnail hentry category-certificates-the-legislation-gas category-gas post_format-post-format-image\"><div class='post_wrapper post_post_wrapper posts_grid_post_wrapper clearfix'><div class='post_media post_post_media posts_grid_post_media'><div class='pic'><img src='https:\/\/www.htmas.eu\/wp-content\/uploads\/2020\/01\/htmas_gas_01d201f81_4281.jpg' data-no-retina alt='htmas_gas' \/><div class='hover-effect'><\/div><div class='plus_wrapper'><span><\/span><span><\/span><\/div><a class='link_area_post_media post_media_link post_post_media_link posts_grid_post_media_link' href='https:\/\/www.htmas.eu\/sk\/2020\/01\/29\/gas-certificates\/'><\/a><\/div><\/div><div class='post_post_info posts_grid_post_info'><div class='post_info_header'><div class='post_info_meta'><\/div><div class='post_info_divider'><\/div><\/div><h4 class='post_title post_post_title posts_grid_post_title'><a href='https:\/\/www.htmas.eu\/sk\/2020\/01\/29\/gas-certificates\/'>Povolenia<\/a><\/h4><div class='post_content post_post_content posts_grid_post_content clearfix'><p>Zabezpe\u010dujeme dod\u00e1vku a distrib\u00faciu plynu pre priemyseln\u00fdch z\u00e1kazn\u00edkov. Spolo\u010dnos\u0165 HTMAS s.r.o. je opr\u00e1vnen\u00e1 podnika\u0165 v plyn\u00e1renstve na z\u00e1klade rozhodnutia \u00daradu pre regul\u00e1ciu sie\u0165ov\u00fdch odvetv\u00ed (\u00daRSO) odo d\u0148a 03.02.2009.<\/p>\n<\/div><div class='post_info_footer'><div class='post_more'><a href='https:\/\/www.htmas.eu\/sk\/2020\/01\/29\/gas-certificates\/' class='read_more_button'>Viac inform\u00e1ci\u00ed<\/a><\/div><\/div><\/div><\/div><\/article><article id='post_post_69e49482ea639' class=\"item post no_likes post_post posts_grid_post  post-4315 type-post status-publish format-image has-post-thumbnail hentry category-gas category-quality-standards-gas post_format-post-format-image\"><div class='post_wrapper post_post_wrapper posts_grid_post_wrapper clearfix'><div class='post_media post_post_media posts_grid_post_media'><div class='pic'><img src='https:\/\/www.htmas.eu\/wp-content\/uploads\/2020\/01\/htmas_gas_01d201f81_4281.jpg' data-no-retina alt='htmas_gas' \/><div class='hover-effect'><\/div><div class='plus_wrapper'><span><\/span><span><\/span><\/div><a class='link_area_post_media post_media_link post_post_media_link posts_grid_post_media_link' href='https:\/\/www.htmas.eu\/sk\/2020\/01\/29\/gas-quality-standards\/'><\/a><\/div><\/div><div class='post_post_info posts_grid_post_info'><div class='post_info_header'><div class='post_info_meta'><\/div><div class='post_info_divider'><\/div><\/div><h4 class='post_title post_post_title posts_grid_post_title'><a href='https:\/\/www.htmas.eu\/sk\/2020\/01\/29\/gas-quality-standards\/'>\u0160tandardy kvality<\/a><\/h4><div class='post_content post_post_content posts_grid_post_content clearfix'><p>Zabezpe\u010dujeme dod\u00e1vku a distrib\u00faciu plynu pre priemyseln\u00fdch z\u00e1kazn\u00edkov. Spolo\u010dnos\u0165 HTMAS s.r.o. je opr\u00e1vnen\u00e1 podnika\u0165 v plyn\u00e1renstve na z\u00e1klade rozhodnutia \u00daradu pre regul\u00e1ciu sie\u0165ov\u00fdch odvetv\u00ed (\u00daRSO) odo d\u0148a 03.02.2009.<\/p>\n<\/div><div class='post_info_footer'><div class='post_more'><a href='https:\/\/www.htmas.eu\/sk\/2020\/01\/29\/gas-quality-standards\/' class='read_more_button'>Viac inform\u00e1ci\u00ed<\/a><\/div><\/div><\/div><\/div><\/article><article id='post_post_69e49482eb6c2' class=\"item post no_likes post_post posts_grid_post  post-4310 type-post status-publish format-image has-post-thumbnail hentry category-gas category-the-technical-conditions-gas post_format-post-format-image\"><div class='post_wrapper post_post_wrapper posts_grid_post_wrapper clearfix'><div class='post_media post_post_media posts_grid_post_media'><div class='pic'><img src='https:\/\/www.htmas.eu\/wp-content\/uploads\/2020\/01\/htmas_gas_01d201f81_4281.jpg' data-no-retina alt='htmas_gas' \/><div class='hover-effect'><\/div><div class='plus_wrapper'><span><\/span><span><\/span><\/div><a class='link_area_post_media post_media_link post_post_media_link posts_grid_post_media_link' href='https:\/\/www.htmas.eu\/sk\/2020\/01\/29\/gas-the-technical-conditions\/'><\/a><\/div><\/div><div class='post_post_info posts_grid_post_info'><div class='post_info_header'><div class='post_info_meta'><\/div><div class='post_info_divider'><\/div><\/div><h4 class='post_title post_post_title posts_grid_post_title'><a href='https:\/\/www.htmas.eu\/sk\/2020\/01\/29\/gas-the-technical-conditions\/'>Technick\u00e9 podmienky<\/a><\/h4><div class='post_content post_post_content posts_grid_post_content clearfix'><p>Zabezpe\u010dujeme dod\u00e1vku a distrib\u00faciu plynu pre priemyseln\u00fdch z\u00e1kazn\u00edkov. Spolo\u010dnos\u0165 HTMAS s.r.o. je opr\u00e1vnen\u00e1 podnika\u0165 v plyn\u00e1renstve na z\u00e1klade rozhodnutia \u00daradu pre regul\u00e1ciu sie\u0165ov\u00fdch odvetv\u00ed (\u00daRSO) odo d\u0148a 03.02.2009.<\/p>\n<\/div><div class='post_info_footer'><div class='post_more'><a href='https:\/\/www.htmas.eu\/sk\/2020\/01\/29\/gas-the-technical-conditions\/' class='read_more_button'>Viac inform\u00e1ci\u00ed<\/a><\/div><\/div><\/div><\/div><\/article><article id='post_post_69e49482ec834' class=\"item post no_likes post_post posts_grid_post  post-4304 type-post status-publish format-image has-post-thumbnail hentry category-gas category-the-operation-rules-gas post_format-post-format-image\"><div class='post_wrapper post_post_wrapper posts_grid_post_wrapper clearfix'><div class='post_media post_post_media posts_grid_post_media'><div class='pic'><img src='https:\/\/www.htmas.eu\/wp-content\/uploads\/2020\/01\/htmas_gas_01d201f81_4281.jpg' data-no-retina alt='htmas_gas' \/><div class='hover-effect'><\/div><div class='plus_wrapper'><span><\/span><span><\/span><\/div><a class='link_area_post_media post_media_link post_post_media_link posts_grid_post_media_link' href='https:\/\/www.htmas.eu\/sk\/2020\/01\/29\/gas-the-operation-rules\/'><\/a><\/div><\/div><div class='post_post_info posts_grid_post_info'><div class='post_info_header'><div class='post_info_meta'><\/div><div class='post_info_divider'><\/div><\/div><h4 class='post_title post_post_title posts_grid_post_title'><a href='https:\/\/www.htmas.eu\/sk\/2020\/01\/29\/gas-the-operation-rules\/'>Prev\u00e1dzkov\u00fd poriadok<\/a><\/h4><div class='post_content post_post_content posts_grid_post_content clearfix'><p>Zabezpe\u010dujeme dod\u00e1vku a distrib\u00faciu plynu pre priemyseln\u00fdch z\u00e1kazn\u00edkov. Spolo\u010dnos\u0165 HTMAS s.r.o. je opr\u00e1vnen\u00e1 podnika\u0165 v plyn\u00e1renstve na z\u00e1klade rozhodnutia \u00daradu pre regul\u00e1ciu sie\u0165ov\u00fdch odvetv\u00ed (\u00daRSO) odo d\u0148a 03.02.2009.<\/p>\n<\/div><div class='post_info_footer'><div class='post_more'><a href='https:\/\/www.htmas.eu\/sk\/2020\/01\/29\/gas-the-operation-rules\/' class='read_more_button'>Viac inform\u00e1ci\u00ed<\/a><\/div><\/div><\/div><\/div><\/article><article id='post_post_69e49482ed98e' class=\"item post no_likes post_post posts_grid_post  post-4298 type-post status-publish format-image has-post-thumbnail hentry category-gas category-the-tariff-gas post_format-post-format-image\"><div class='post_wrapper post_post_wrapper posts_grid_post_wrapper clearfix'><div class='post_media post_post_media posts_grid_post_media'><div class='pic'><img src='https:\/\/www.htmas.eu\/wp-content\/uploads\/2020\/01\/htmas_gas_01d201f81_4281.jpg' data-no-retina alt='htmas_gas' \/><div class='hover-effect'><\/div><div class='plus_wrapper'><span><\/span><span><\/span><\/div><a class='link_area_post_media post_media_link post_post_media_link posts_grid_post_media_link' href='https:\/\/www.htmas.eu\/sk\/2020\/01\/29\/gas-the-tariff\/'><\/a><\/div><\/div><div class='post_post_info posts_grid_post_info'><div class='post_info_header'><div class='post_info_meta'><\/div><div class='post_info_divider'><\/div><\/div><h4 class='post_title post_post_title posts_grid_post_title'><a href='https:\/\/www.htmas.eu\/sk\/2020\/01\/29\/gas-the-tariff\/'>Tarifa<\/a><\/h4><div class='post_content post_post_content posts_grid_post_content clearfix'><p>Zabezpe\u010dujeme dod\u00e1vku a distrib\u00faciu plynu pre priemyseln\u00fdch z\u00e1kazn\u00edkov. Spolo\u010dnos\u0165 HTMAS s.r.o. je opr\u00e1vnen\u00e1 podnika\u0165 v plyn\u00e1renstve na z\u00e1klade rozhodnutia \u00daradu pre regul\u00e1ciu sie\u0165ov\u00fdch odvetv\u00ed (\u00daRSO) odo d\u0148a 03.02.2009.<\/p>\n<\/div><div class='post_info_footer'><div class='post_more'><a href='https:\/\/www.htmas.eu\/sk\/2020\/01\/29\/gas-the-tariff\/' class='read_more_button'>Viac inform\u00e1ci\u00ed<\/a><\/div><\/div><\/div><\/div><\/article><article id='post_post_69e49482eead9' class=\"item post no_likes post_post posts_grid_post  post-4287 type-post status-publish format-image has-post-thumbnail hentry category-gas category-general-sales-conditions-gas post_format-post-format-image\"><div class='post_wrapper post_post_wrapper posts_grid_post_wrapper clearfix'><div class='post_media post_post_media posts_grid_post_media'><div class='pic'><img src='https:\/\/www.htmas.eu\/wp-content\/uploads\/2020\/01\/htmas_gas_01d201f81_4281.jpg' data-no-retina alt='htmas_gas' \/><div class='hover-effect'><\/div><div class='plus_wrapper'><span><\/span><span><\/span><\/div><a class='link_area_post_media post_media_link post_post_media_link posts_grid_post_media_link' href='https:\/\/www.htmas.eu\/sk\/2020\/01\/29\/gas-general-sales-conditions\/'><\/a><\/div><\/div><div class='post_post_info posts_grid_post_info'><div class='post_info_header'><div class='post_info_meta'><\/div><div class='post_info_divider'><\/div><\/div><h4 class='post_title post_post_title posts_grid_post_title'><a href='https:\/\/www.htmas.eu\/sk\/2020\/01\/29\/gas-general-sales-conditions\/'>V\u0161eobecn\u00e9 obchodn\u00e9 podmienky<\/a><\/h4><div class='post_content post_post_content posts_grid_post_content clearfix'><p>Zabezpe\u010dujeme dod\u00e1vku a distrib\u00faciu plynu pre priemyseln\u00fdch z\u00e1kazn\u00edkov. Spolo\u010dnos\u0165 HTMAS s.r.o. je opr\u00e1vnen\u00e1 podnika\u0165 v plyn\u00e1renstve na z\u00e1klade rozhodnutia \u00daradu pre regul\u00e1ciu sie\u0165ov\u00fdch odvetv\u00ed (\u00daRSO) odo d\u0148a 03.02.2009.<\/p>\n<\/div><div class='post_info_footer'><div class='post_more'><a href='https:\/\/www.htmas.eu\/sk\/2020\/01\/29\/gas-general-sales-conditions\/' class='read_more_button'>Viac inform\u00e1ci\u00ed<\/a><\/div><\/div><\/div><\/div><\/article><article id='post_post_69e49482efb99' class=\"item post no_likes post_post posts_grid_post  post-4280 type-post status-publish format-image has-post-thumbnail hentry category-contract-agreement-gas category-gas post_format-post-format-image\"><div class='post_wrapper post_post_wrapper posts_grid_post_wrapper clearfix'><div class='post_media post_post_media posts_grid_post_media'><div class='pic'><img src='https:\/\/www.htmas.eu\/wp-content\/uploads\/2020\/01\/htmas_gas_01d201f81_4281.jpg' data-no-retina alt='htmas_gas' \/><div class='hover-effect'><\/div><div class='plus_wrapper'><span><\/span><span><\/span><\/div><a class='link_area_post_media post_media_link post_post_media_link posts_grid_post_media_link' href='https:\/\/www.htmas.eu\/sk\/2020\/01\/29\/gas-contract-agreement\/'><\/a><\/div><\/div><div class='post_post_info posts_grid_post_info'><div class='post_info_header'><div class='post_info_meta'><\/div><div class='post_info_divider'><\/div><\/div><h4 class='post_title post_post_title posts_grid_post_title'><a href='https:\/\/www.htmas.eu\/sk\/2020\/01\/29\/gas-contract-agreement\/'>Zmluvy<\/a><\/h4><div class='post_content post_post_content posts_grid_post_content clearfix'><p>Zabezpe\u010dujeme dod\u00e1vku a distrib\u00faciu plynu pre priemyseln\u00fdch z\u00e1kazn\u00edkov. Spolo\u010dnos\u0165 HTMAS s.r.o. je opr\u00e1vnen\u00e1 podnika\u0165 v plyn\u00e1renstve na z\u00e1klade rozhodnutia \u00daradu pre regul\u00e1ciu sie\u0165ov\u00fdch odvetv\u00ed (\u00daRSO) odo d\u0148a 03.02.2009.<\/p>\n<\/div><div class='post_info_footer'><div class='post_more'><a href='https:\/\/www.htmas.eu\/sk\/2020\/01\/29\/gas-contract-agreement\/' class='read_more_button'>Viac inform\u00e1ci\u00ed<\/a><\/div><\/div><\/div><\/div><\/article><\/div><\/div><\/section><div class=\"cws_spacing\"><div class=\"cws_spacing cws_spacing_default\" style=\"height:32px;\"><\/div><\/div><\/div><\/div><\/div><!-- CWS Column --> <\/div><\/div><\/div><\/div>\n<\/div>","protected":false},"excerpt":{"rendered":"We are providing the supply and distribution of the gas for industrial clients. Company HTMAS ltd. is licensed to enterprise in the field of gas industry under the decision of the \u00daRSO (Authority for regulation of the network industries) from February 3rd 2009. Name of the documentEffective from \u017diados\u0165 o pripojenie k distribu\u010dnej sieti2014-01-01 \u017diados\u0165 o pr\u00edstup do distribu\u010dnej siete2014-01-01","protected":false},"author":3,"featured_media":0,"parent":0,"menu_order":0,"comment_status":"closed","ping_status":"closed","template":"","meta":{"footnotes":""},"class_list":["post-4277","page","type-page","status-publish","hentry"],"yoast_head":"<!-- This site is optimized with the Yoast SEO plugin v24.7 - https:\/\/yoast.com\/wordpress\/plugins\/seo\/ -->\n<title>Supply and distribution of gas - HTMAS s.r.o.<\/title>\n<meta name=\"robots\" content=\"index, follow, max-snippet:-1, max-image-preview:large, max-video-preview:-1\" \/>\n<link rel=\"canonical\" href=\"https:\/\/www.htmas.eu\/sk\/supply-and-distribution-of-gas\/\" \/>\n<meta property=\"og:locale\" content=\"sk_SK\" \/>\n<meta property=\"og:type\" content=\"article\" \/>\n<meta property=\"og:title\" content=\"Supply and distribution of gas - HTMAS s.r.o.\" \/>\n<meta property=\"og:url\" content=\"https:\/\/www.htmas.eu\/sk\/supply-and-distribution-of-gas\/\" \/>\n<meta property=\"og:site_name\" content=\"HTMAS s.r.o.\" \/>\n<meta property=\"article:modified_time\" content=\"2020-01-30T08:53:21+00:00\" \/>\n<meta name=\"twitter:card\" content=\"summary_large_image\" \/>\n<script type=\"application\/ld+json\" class=\"yoast-schema-graph\">{\"@context\":\"https:\/\/schema.org\",\"@graph\":[{\"@type\":\"WebPage\",\"@id\":\"https:\/\/www.htmas.eu\/sk\/supply-and-distribution-of-gas\/\",\"url\":\"https:\/\/www.htmas.eu\/sk\/supply-and-distribution-of-gas\/\",\"name\":\"Supply and distribution of gas - HTMAS s.r.o.\",\"isPartOf\":{\"@id\":\"https:\/\/www.htmas.eu\/#website\"},\"datePublished\":\"2020-01-29T07:10:35+00:00\",\"dateModified\":\"2020-01-30T08:53:21+00:00\",\"breadcrumb\":{\"@id\":\"https:\/\/www.htmas.eu\/sk\/supply-and-distribution-of-gas\/#breadcrumb\"},\"inLanguage\":\"sk-SK\",\"potentialAction\":[{\"@type\":\"ReadAction\",\"target\":[\"https:\/\/www.htmas.eu\/sk\/supply-and-distribution-of-gas\/\"]}]},{\"@type\":\"BreadcrumbList\",\"@id\":\"https:\/\/www.htmas.eu\/sk\/supply-and-distribution-of-gas\/#breadcrumb\",\"itemListElement\":[{\"@type\":\"ListItem\",\"position\":1,\"name\":\"Home\",\"item\":\"https:\/\/www.htmas.eu\/\"},{\"@type\":\"ListItem\",\"position\":2,\"name\":\"Supply and distribution of gas\"}]},{\"@type\":\"WebSite\",\"@id\":\"https:\/\/www.htmas.eu\/#website\",\"url\":\"https:\/\/www.htmas.eu\/\",\"name\":\"HTMAS s.r.o.\",\"description\":\"..share your future with us\",\"publisher\":{\"@id\":\"https:\/\/www.htmas.eu\/#organization\"},\"potentialAction\":[{\"@type\":\"SearchAction\",\"target\":{\"@type\":\"EntryPoint\",\"urlTemplate\":\"https:\/\/www.htmas.eu\/?s={search_term_string}\"},\"query-input\":{\"@type\":\"PropertyValueSpecification\",\"valueRequired\":true,\"valueName\":\"search_term_string\"}}],\"inLanguage\":\"sk-SK\"},{\"@type\":\"Organization\",\"@id\":\"https:\/\/www.htmas.eu\/#organization\",\"name\":\"HTMAS s.r.o.\",\"url\":\"https:\/\/www.htmas.eu\/\",\"logo\":{\"@type\":\"ImageObject\",\"inLanguage\":\"sk-SK\",\"@id\":\"https:\/\/www.htmas.eu\/#\/schema\/logo\/image\/\",\"url\":\"https:\/\/www.htmas.eu\/wp-content\/uploads\/2020\/01\/logo_htmas.png\",\"contentUrl\":\"https:\/\/www.htmas.eu\/wp-content\/uploads\/2020\/01\/logo_htmas.png\",\"width\":695,\"height\":58,\"caption\":\"HTMAS s.r.o.\"},\"image\":{\"@id\":\"https:\/\/www.htmas.eu\/#\/schema\/logo\/image\/\"}}]}<\/script>\n<!-- \/ Yoast SEO plugin. -->","yoast_head_json":{"title":"Supply and distribution of gas - HTMAS s.r.o.","robots":{"index":"index","follow":"follow","max-snippet":"max-snippet:-1","max-image-preview":"max-image-preview:large","max-video-preview":"max-video-preview:-1"},"canonical":"https:\/\/www.htmas.eu\/sk\/supply-and-distribution-of-gas\/","og_locale":"sk_SK","og_type":"article","og_title":"Supply and distribution of gas - HTMAS s.r.o.","og_url":"https:\/\/www.htmas.eu\/sk\/supply-and-distribution-of-gas\/","og_site_name":"HTMAS s.r.o.","article_modified_time":"2020-01-30T08:53:21+00:00","twitter_card":"summary_large_image","schema":{"@context":"https:\/\/schema.org","@graph":[{"@type":"WebPage","@id":"https:\/\/www.htmas.eu\/sk\/supply-and-distribution-of-gas\/","url":"https:\/\/www.htmas.eu\/sk\/supply-and-distribution-of-gas\/","name":"Supply and distribution of gas - HTMAS s.r.o.","isPartOf":{"@id":"https:\/\/www.htmas.eu\/#website"},"datePublished":"2020-01-29T07:10:35+00:00","dateModified":"2020-01-30T08:53:21+00:00","breadcrumb":{"@id":"https:\/\/www.htmas.eu\/sk\/supply-and-distribution-of-gas\/#breadcrumb"},"inLanguage":"sk-SK","potentialAction":[{"@type":"ReadAction","target":["https:\/\/www.htmas.eu\/sk\/supply-and-distribution-of-gas\/"]}]},{"@type":"BreadcrumbList","@id":"https:\/\/www.htmas.eu\/sk\/supply-and-distribution-of-gas\/#breadcrumb","itemListElement":[{"@type":"ListItem","position":1,"name":"Home","item":"https:\/\/www.htmas.eu\/"},{"@type":"ListItem","position":2,"name":"Supply and distribution of gas"}]},{"@type":"WebSite","@id":"https:\/\/www.htmas.eu\/#website","url":"https:\/\/www.htmas.eu\/","name":"HTMAS s.r.o.","description":"..share your future with us","publisher":{"@id":"https:\/\/www.htmas.eu\/#organization"},"potentialAction":[{"@type":"SearchAction","target":{"@type":"EntryPoint","urlTemplate":"https:\/\/www.htmas.eu\/?s={search_term_string}"},"query-input":{"@type":"PropertyValueSpecification","valueRequired":true,"valueName":"search_term_string"}}],"inLanguage":"sk-SK"},{"@type":"Organization","@id":"https:\/\/www.htmas.eu\/#organization","name":"HTMAS s.r.o.","url":"https:\/\/www.htmas.eu\/","logo":{"@type":"ImageObject","inLanguage":"sk-SK","@id":"https:\/\/www.htmas.eu\/#\/schema\/logo\/image\/","url":"https:\/\/www.htmas.eu\/wp-content\/uploads\/2020\/01\/logo_htmas.png","contentUrl":"https:\/\/www.htmas.eu\/wp-content\/uploads\/2020\/01\/logo_htmas.png","width":695,"height":58,"caption":"HTMAS s.r.o."},"image":{"@id":"https:\/\/www.htmas.eu\/#\/schema\/logo\/image\/"}}]}},"_links":{"self":[{"href":"https:\/\/www.htmas.eu\/sk\/wp-json\/wp\/v2\/pages\/4277","targetHints":{"allow":["GET"]}}],"collection":[{"href":"https:\/\/www.htmas.eu\/sk\/wp-json\/wp\/v2\/pages"}],"about":[{"href":"https:\/\/www.htmas.eu\/sk\/wp-json\/wp\/v2\/types\/page"}],"author":[{"embeddable":true,"href":"https:\/\/www.htmas.eu\/sk\/wp-json\/wp\/v2\/users\/3"}],"replies":[{"embeddable":true,"href":"https:\/\/www.htmas.eu\/sk\/wp-json\/wp\/v2\/comments?post=4277"}],"version-history":[{"count":5,"href":"https:\/\/www.htmas.eu\/sk\/wp-json\/wp\/v2\/pages\/4277\/revisions"}],"predecessor-version":[{"id":4334,"href":"https:\/\/www.htmas.eu\/sk\/wp-json\/wp\/v2\/pages\/4277\/revisions\/4334"}],"wp:attachment":[{"href":"https:\/\/www.htmas.eu\/sk\/wp-json\/wp\/v2\/media?parent=4277"}],"curies":[{"name":"wp","href":"https:\/\/api.w.org\/{rel}","templated":true}]}}