{"id":4349,"date":"2020-01-29T09:20:53","date_gmt":"2020-01-29T09:20:53","guid":{"rendered":"https:\/\/htmas.eu\/?page_id=4349"},"modified":"2020-01-30T08:53:43","modified_gmt":"2020-01-30T08:53:43","slug":"telecommunications-services","status":"publish","type":"page","link":"https:\/\/www.htmas.eu\/sk\/telecommunications-services\/","title":{"rendered":"Telekomunika\u010dn\u00e9 slu\u017eby"},"content":{"rendered":"<div class=\"wpb-content-wrapper\"><!-- CWS Row --><div class=\"cws-content clearfix\"><div class=\"vc_row wpb_row vc_row-fluid\"><div class=\"wpb_column vc_column_container vc_col-sm-12 cws-column\"><div class=\"cws_vc_column-inner\"><div class=\"wpb_column vc_column_container vc_col-sm-12\"><div class=\"vc_column-inner\"><div class=\"wpb_wrapper\"><section id='posts_grid_69f302d4932fd' class='news hovernone blog_post posts_grid post_posts_grid posts_grid_related posts_grid_grid'><div class='cws_vc_shortcode_wrapper'><div class='cws_vc_shortcode_grid grid layout-related'><article id='post_post_69f302d495b7d' class=\"item post no_likes post_post posts_grid_post  post-4409 type-post status-publish format-image has-post-thumbnail hentry category-telecommunications category-the-legislation-telecommunications category-tu-sr post_format-post-format-image\"><div class='post_wrapper post_post_wrapper posts_grid_post_wrapper clearfix'><div class='post_media post_post_media posts_grid_post_media'><div class='pic'><img src='https:\/\/www.htmas.eu\/wp-content\/uploads\/2020\/01\/htmas_telecommunication_01d201f81_4282.jpg' data-no-retina alt='htmas_telecommunication' \/><div class='hover-effect'><\/div><div class='plus_wrapper'><span><\/span><span><\/span><\/div><a class='link_area_post_media post_media_link post_post_media_link posts_grid_post_media_link' href='https:\/\/www.htmas.eu\/sk\/2020\/01\/29\/telecommunications-tu-sr\/'><\/a><\/div><\/div><div class='post_post_info posts_grid_post_info'><div class='post_info_header'><div class='post_info_meta'><\/div><div class='post_info_divider'><\/div><\/div><h4 class='post_title post_post_title posts_grid_post_title'><a href='https:\/\/www.htmas.eu\/sk\/2020\/01\/29\/telecommunications-tu-sr\/'>Telekomunika\u010dn\u00fd \u00farad SR<\/a><\/h4><div class='post_content post_post_content posts_grid_post_content clearfix'><p>Sme prev\u00e1dzkovate\u013eom telekomunika\u010dnej siete v r\u00e1mci HT priemyseln\u00e9ho parku Vlkanov\u00e1 s\u00eddliaceho na adrese Matu\u0161kova 48 v obci Vlkanov\u00e1 pri Banskej Bystrici. Spolo\u010dnos\u0165 HTMAS s.r.o., so s\u00eddlom Matu\u0161kova 48, 976 31 Vlkanov\u00e1 I\u010cO: 36644692, zap\u00edsan\u00e1 v obchodnom registri vedenom Okresn\u00fdm s\u00fadom Bansk\u00e1 Bystrica, oddiel: Sro, vlo\u017eka \u010d.: 11173\/S, telef\u00f3n +421 48 2297 701, fax +421 48 2297 702, email info@htmas.eu a je opr\u00e1vnen\u00e1 podnika\u0165 na z\u00e1klade rozhodnutia Telekomunika\u010dn\u00e9ho \u00faradu Slovenskej republiky (T\u00daSR) odo d\u0148a 1.9.2008. HTMAS poskytuje nasledovn\u00e9 slu\u017eby: verejn\u00e1 telef\u00f3nna slu\u017eba, prenos d\u00e1t, pr\u00edstup do siete internet, VOIP (voice over internet protocol).<\/p>\n<\/div><div class='post_info_footer'><div class='post_more'><a href='https:\/\/www.htmas.eu\/sk\/2020\/01\/29\/telecommunications-tu-sr\/' class='read_more_button'>Viac inform\u00e1ci\u00ed<\/a><\/div><\/div><\/div><\/div><\/article><article id='post_post_69f302d496ba4' class=\"item post no_likes post_post posts_grid_post  post-4404 type-post status-publish format-image has-post-thumbnail hentry category-extract-from-the-crsr-the-legislation-telecommunications category-telecommunications category-the-legislation-telecommunications category-the-technical-specifications post_format-post-format-image\"><div class='post_wrapper post_post_wrapper posts_grid_post_wrapper clearfix'><div class='post_media post_post_media posts_grid_post_media'><div class='pic'><img src='https:\/\/www.htmas.eu\/wp-content\/uploads\/2020\/01\/htmas_telecommunication_01d201f81_4282.jpg' data-no-retina alt='htmas_telecommunication' \/><div class='hover-effect'><\/div><div class='plus_wrapper'><span><\/span><span><\/span><\/div><a class='link_area_post_media post_media_link post_post_media_link posts_grid_post_media_link' href='https:\/\/www.htmas.eu\/sk\/2020\/01\/29\/telecommunications-extract-from-the-crsr\/'><\/a><\/div><\/div><div class='post_post_info posts_grid_post_info'><div class='post_info_header'><div class='post_info_meta'><\/div><div class='post_info_divider'><\/div><\/div><h4 class='post_title post_post_title posts_grid_post_title'><a href='https:\/\/www.htmas.eu\/sk\/2020\/01\/29\/telecommunications-extract-from-the-crsr\/'>V\u00fdpis z ORSR<\/a><\/h4><div class='post_content post_post_content posts_grid_post_content clearfix'><p>Sme prev\u00e1dzkovate\u013eom telekomunika\u010dnej siete v r\u00e1mci HT priemyseln\u00e9ho parku Vlkanov\u00e1 s\u00eddliaceho na adrese Matu\u0161kova 48 v obci Vlkanov\u00e1 pri Banskej Bystrici. Spolo\u010dnos\u0165 HTMAS s.r.o., so s\u00eddlom Matu\u0161kova 48, 976 31 Vlkanov\u00e1 I\u010cO: 36644692, zap\u00edsan\u00e1 v obchodnom registri vedenom Okresn\u00fdm s\u00fadom Bansk\u00e1 Bystrica, oddiel: Sro, vlo\u017eka \u010d.: 11173\/S, telef\u00f3n +421 48 2297 701, fax +421 48 2297 702, email info@htmas.eu a je opr\u00e1vnen\u00e1 podnika\u0165 na z\u00e1klade rozhodnutia Telekomunika\u010dn\u00e9ho \u00faradu Slovenskej republiky (T\u00daSR) odo d\u0148a 1.9.2008. HTMAS poskytuje nasledovn\u00e9 slu\u017eby: verejn\u00e1 telef\u00f3nna slu\u017eba, prenos d\u00e1t, pr\u00edstup do siete internet, VOIP (voice over internet protocol).<\/p>\n<\/div><div class='post_info_footer'><div class='post_more'><a href='https:\/\/www.htmas.eu\/sk\/2020\/01\/29\/telecommunications-extract-from-the-crsr\/' class='read_more_button'>Viac inform\u00e1ci\u00ed<\/a><\/div><\/div><\/div><\/div><\/article><article id='post_post_69f302d4976ea' class=\"item post no_likes post_post posts_grid_post  post-4397 type-post status-publish format-image has-post-thumbnail hentry category-certificates-the-legislation-telecommunications category-telecommunications category-the-legislation-telecommunications category-the-technical-specifications post_format-post-format-image\"><div class='post_wrapper post_post_wrapper posts_grid_post_wrapper clearfix'><div class='post_media post_post_media posts_grid_post_media'><div class='pic'><img src='https:\/\/www.htmas.eu\/wp-content\/uploads\/2020\/01\/htmas_telecommunication_01d201f81_4282.jpg' data-no-retina alt='htmas_telecommunication' \/><div class='hover-effect'><\/div><div class='plus_wrapper'><span><\/span><span><\/span><\/div><a class='link_area_post_media post_media_link post_post_media_link posts_grid_post_media_link' href='https:\/\/www.htmas.eu\/sk\/2020\/01\/29\/telecommunications-certificates\/'><\/a><\/div><\/div><div class='post_post_info posts_grid_post_info'><div class='post_info_header'><div class='post_info_meta'><\/div><div class='post_info_divider'><\/div><\/div><h4 class='post_title post_post_title posts_grid_post_title'><a href='https:\/\/www.htmas.eu\/sk\/2020\/01\/29\/telecommunications-certificates\/'>Povolenia<\/a><\/h4><div class='post_content post_post_content posts_grid_post_content clearfix'><p>Sme prev\u00e1dzkovate\u013eom telekomunika\u010dnej siete v r\u00e1mci HT priemyseln\u00e9ho parku Vlkanov\u00e1 s\u00eddliaceho na adrese Matu\u0161kova 48 v obci Vlkanov\u00e1 pri Banskej Bystrici. Spolo\u010dnos\u0165 HTMAS s.r.o., so s\u00eddlom Matu\u0161kova 48, 976 31 Vlkanov\u00e1 I\u010cO: 36644692, zap\u00edsan\u00e1 v obchodnom registri vedenom Okresn\u00fdm s\u00fadom Bansk\u00e1 Bystrica, oddiel: Sro, vlo\u017eka \u010d.: 11173\/S, telef\u00f3n +421 48 2297 701, fax +421 48 2297 702, email info@htmas.eu a je opr\u00e1vnen\u00e1 podnika\u0165 na z\u00e1klade rozhodnutia Telekomunika\u010dn\u00e9ho \u00faradu Slovenskej republiky (T\u00daSR) odo d\u0148a 1.9.2008. HTMAS poskytuje nasledovn\u00e9 slu\u017eby: verejn\u00e1 telef\u00f3nna slu\u017eba, prenos d\u00e1t, pr\u00edstup do siete internet, VOIP (voice over internet protocol).<\/p>\n<\/div><div class='post_info_footer'><div class='post_more'><a href='https:\/\/www.htmas.eu\/sk\/2020\/01\/29\/telecommunications-certificates\/' class='read_more_button'>Viac inform\u00e1ci\u00ed<\/a><\/div><\/div><\/div><\/div><\/article><article id='post_post_69f302d498280' class=\"item post no_likes post_post posts_grid_post  post-4391 type-post status-publish format-image has-post-thumbnail hentry category-telecommunications category-the-technical-specifications post_format-post-format-image\"><div class='post_wrapper post_post_wrapper posts_grid_post_wrapper clearfix'><div class='post_media post_post_media posts_grid_post_media'><div class='pic'><img src='https:\/\/www.htmas.eu\/wp-content\/uploads\/2020\/01\/htmas_telecommunication_01d201f81_4282.jpg' data-no-retina alt='htmas_telecommunication' \/><div class='hover-effect'><\/div><div class='plus_wrapper'><span><\/span><span><\/span><\/div><a class='link_area_post_media post_media_link post_post_media_link posts_grid_post_media_link' href='https:\/\/www.htmas.eu\/sk\/2020\/01\/29\/telecommunications-the-technical-specifications\/'><\/a><\/div><\/div><div class='post_post_info posts_grid_post_info'><div class='post_info_header'><div class='post_info_meta'><\/div><div class='post_info_divider'><\/div><\/div><h4 class='post_title post_post_title posts_grid_post_title'><a href='https:\/\/www.htmas.eu\/sk\/2020\/01\/29\/telecommunications-the-technical-specifications\/'>Technick\u00e1 \u0161pecifik\u00e1cia \u00fa\u010dastn\u00edckeho rozhrania<\/a><\/h4><div class='post_content post_post_content posts_grid_post_content clearfix'><p>Sme prev\u00e1dzkovate\u013eom telekomunika\u010dnej siete v r\u00e1mci HT priemyseln\u00e9ho parku Vlkanov\u00e1 s\u00eddliaceho na adrese Matu\u0161kova 48 v obci Vlkanov\u00e1 pri Banskej Bystrici. Spolo\u010dnos\u0165 HTMAS s.r.o., so s\u00eddlom Matu\u0161kova 48, 976 31 Vlkanov\u00e1 I\u010cO: 36644692, zap\u00edsan\u00e1 v obchodnom registri vedenom Okresn\u00fdm s\u00fadom Bansk\u00e1 Bystrica, oddiel: Sro, vlo\u017eka \u010d.: 11173\/S, telef\u00f3n +421 48 2297 701, fax +421 48 2297 702, email info@htmas.eu a je opr\u00e1vnen\u00e1 podnika\u0165 na z\u00e1klade rozhodnutia Telekomunika\u010dn\u00e9ho \u00faradu Slovenskej republiky (T\u00daSR) odo d\u0148a 1.9.2008. HTMAS poskytuje nasledovn\u00e9 slu\u017eby: verejn\u00e1 telef\u00f3nna slu\u017eba, prenos d\u00e1t, pr\u00edstup do siete internet, VOIP (voice over internet protocol).<\/p>\n<\/div><div class='post_info_footer'><div class='post_more'><a href='https:\/\/www.htmas.eu\/sk\/2020\/01\/29\/telecommunications-the-technical-specifications\/' class='read_more_button'>Viac inform\u00e1ci\u00ed<\/a><\/div><\/div><\/div><\/div><\/article><article id='post_post_69f302d498e70' class=\"item post no_likes post_post posts_grid_post  post-4385 type-post status-publish format-image has-post-thumbnail hentry category-telecommunications category-the-tariff-telecommunications post_format-post-format-image\"><div class='post_wrapper post_post_wrapper posts_grid_post_wrapper clearfix'><div class='post_media post_post_media posts_grid_post_media'><div class='pic'><img src='https:\/\/www.htmas.eu\/wp-content\/uploads\/2020\/01\/htmas_telecommunication_01d201f81_4282.jpg' data-no-retina alt='htmas_telecommunication' \/><div class='hover-effect'><\/div><div class='plus_wrapper'><span><\/span><span><\/span><\/div><a class='link_area_post_media post_media_link post_post_media_link posts_grid_post_media_link' href='https:\/\/www.htmas.eu\/sk\/2020\/01\/29\/telecommunications-the-tariff\/'><\/a><\/div><\/div><div class='post_post_info posts_grid_post_info'><div class='post_info_header'><div class='post_info_meta'><\/div><div class='post_info_divider'><\/div><\/div><h4 class='post_title post_post_title posts_grid_post_title'><a href='https:\/\/www.htmas.eu\/sk\/2020\/01\/29\/telecommunications-the-tariff\/'>Tarifa<\/a><\/h4><div class='post_content post_post_content posts_grid_post_content clearfix'><p>Sme prev\u00e1dzkovate\u013eom telekomunika\u010dnej siete v r\u00e1mci HT priemyseln\u00e9ho parku Vlkanov\u00e1 s\u00eddliaceho na adrese Matu\u0161kova 48 v obci Vlkanov\u00e1 pri Banskej Bystrici. Spolo\u010dnos\u0165 HTMAS s.r.o., so s\u00eddlom Matu\u0161kova 48, 976 31 Vlkanov\u00e1 I\u010cO: 36644692, zap\u00edsan\u00e1 v obchodnom registri vedenom Okresn\u00fdm s\u00fadom Bansk\u00e1 Bystrica, oddiel: Sro, vlo\u017eka \u010d.: 11173\/S, telef\u00f3n +421 48 2297 701, fax +421 48 2297 702, email info@htmas.eu a je opr\u00e1vnen\u00e1 podnika\u0165 na z\u00e1klade rozhodnutia Telekomunika\u010dn\u00e9ho \u00faradu Slovenskej republiky (T\u00daSR) odo d\u0148a 1.9.2008. HTMAS poskytuje nasledovn\u00e9 slu\u017eby: verejn\u00e1 telef\u00f3nna slu\u017eba, prenos d\u00e1t, pr\u00edstup do siete internet, VOIP (voice over internet protocol).<\/p>\n<\/div><div class='post_info_footer'><div class='post_more'><a href='https:\/\/www.htmas.eu\/sk\/2020\/01\/29\/telecommunications-the-tariff\/' class='read_more_button'>Viac inform\u00e1ci\u00ed<\/a><\/div><\/div><\/div><\/div><\/article><article id='post_post_69f302d499985' class=\"item post no_likes post_post posts_grid_post  post-4379 type-post status-publish format-image has-post-thumbnail hentry category-general-sales-conditions-telecommunications category-telecommunications post_format-post-format-image\"><div class='post_wrapper post_post_wrapper posts_grid_post_wrapper clearfix'><div class='post_media post_post_media posts_grid_post_media'><div class='pic'><img src='https:\/\/www.htmas.eu\/wp-content\/uploads\/2020\/01\/htmas_telecommunication_01d201f81_4282.jpg' data-no-retina alt='htmas_telecommunication' \/><div class='hover-effect'><\/div><div class='plus_wrapper'><span><\/span><span><\/span><\/div><a class='link_area_post_media post_media_link post_post_media_link posts_grid_post_media_link' href='https:\/\/www.htmas.eu\/sk\/2020\/01\/29\/telecommunications-general-sales-conditions\/'><\/a><\/div><\/div><div class='post_post_info posts_grid_post_info'><div class='post_info_header'><div class='post_info_meta'><\/div><div class='post_info_divider'><\/div><\/div><h4 class='post_title post_post_title posts_grid_post_title'><a href='https:\/\/www.htmas.eu\/sk\/2020\/01\/29\/telecommunications-general-sales-conditions\/'>V\u0161eobecn\u00e9 obchodn\u00e9 podmienky<\/a><\/h4><div class='post_content post_post_content posts_grid_post_content clearfix'><p>Sme prev\u00e1dzkovate\u013eom telekomunika\u010dnej siete v r\u00e1mci HT priemyseln\u00e9ho parku Vlkanov\u00e1 s\u00eddliaceho na adrese Matu\u0161kova 48 v obci Vlkanov\u00e1 pri Banskej Bystrici. Spolo\u010dnos\u0165 HTMAS s.r.o., so s\u00eddlom Matu\u0161kova 48, 976 31 Vlkanov\u00e1 I\u010cO: 36644692, zap\u00edsan\u00e1 v obchodnom registri vedenom Okresn\u00fdm s\u00fadom Bansk\u00e1 Bystrica, oddiel: Sro, vlo\u017eka \u010d.: 11173\/S, telef\u00f3n +421 48 2297 701, fax +421 48 2297 702, email info@htmas.eu a je opr\u00e1vnen\u00e1 podnika\u0165 na z\u00e1klade rozhodnutia Telekomunika\u010dn\u00e9ho \u00faradu Slovenskej republiky (T\u00daSR) odo d\u0148a 1.9.2008. HTMAS poskytuje nasledovn\u00e9 slu\u017eby: verejn\u00e1 telef\u00f3nna slu\u017eba, prenos d\u00e1t, pr\u00edstup do siete internet, VOIP (voice over internet protocol).<\/p>\n<\/div><div class='post_info_footer'><div class='post_more'><a href='https:\/\/www.htmas.eu\/sk\/2020\/01\/29\/telecommunications-general-sales-conditions\/' class='read_more_button'>Viac inform\u00e1ci\u00ed<\/a><\/div><\/div><\/div><\/div><\/article><article id='post_post_69f302d49a6b0' class=\"item post no_likes post_post posts_grid_post  post-4352 type-post status-publish format-image has-post-thumbnail hentry category-contract-agreement-telecommunications category-telecommunications post_format-post-format-image\"><div class='post_wrapper post_post_wrapper posts_grid_post_wrapper clearfix'><div class='post_media post_post_media posts_grid_post_media'><div class='pic'><img src='https:\/\/www.htmas.eu\/wp-content\/uploads\/2020\/01\/htmas_telecommunication_01d201f81_4282.jpg' data-no-retina alt='htmas_telecommunication' \/><div class='hover-effect'><\/div><div class='plus_wrapper'><span><\/span><span><\/span><\/div><a class='link_area_post_media post_media_link post_post_media_link posts_grid_post_media_link' href='https:\/\/www.htmas.eu\/sk\/2020\/01\/29\/telecommunications-contract-agreement\/'><\/a><\/div><\/div><div class='post_post_info posts_grid_post_info'><div class='post_info_header'><div class='post_info_meta'><\/div><div class='post_info_divider'><\/div><\/div><h4 class='post_title post_post_title posts_grid_post_title'><a href='https:\/\/www.htmas.eu\/sk\/2020\/01\/29\/telecommunications-contract-agreement\/'>Zmluvy<\/a><\/h4><div class='post_content post_post_content posts_grid_post_content clearfix'><p>Sme prev\u00e1dzkovate\u013eom telekomunika\u010dnej siete v r\u00e1mci HT priemyseln\u00e9ho parku Vlkanov\u00e1 s\u00eddliaceho na adrese Matu\u0161kova 48 v obci Vlkanov\u00e1 pri Banskej Bystrici. Spolo\u010dnos\u0165 HTMAS s.r.o., so s\u00eddlom Matu\u0161kova 48, 976 31 Vlkanov\u00e1 I\u010cO: 36644692, zap\u00edsan\u00e1 v obchodnom registri vedenom Okresn\u00fdm s\u00fadom Bansk\u00e1 Bystrica, oddiel: Sro, vlo\u017eka \u010d.: 11173\/S, telef\u00f3n +421 48 2297 701, fax +421 48 2297 702, email info@htmas.eu a je opr\u00e1vnen\u00e1 podnika\u0165 na z\u00e1klade rozhodnutia Telekomunika\u010dn\u00e9ho \u00faradu Slovenskej republiky (T\u00daSR) odo d\u0148a 1.9.2008. HTMAS poskytuje nasledovn\u00e9 slu\u017eby: verejn\u00e1 telef\u00f3nna slu\u017eba, prenos d\u00e1t, pr\u00edstup do siete internet, VOIP (voice over internet protocol).<\/p>\n<\/div><div class='post_info_footer'><div class='post_more'><a href='https:\/\/www.htmas.eu\/sk\/2020\/01\/29\/telecommunications-contract-agreement\/' class='read_more_button'>Viac inform\u00e1ci\u00ed<\/a><\/div><\/div><\/div><\/div><\/article><\/div><\/div><\/section><div class=\"cws_spacing\"><div class=\"cws_spacing cws_spacing_default\" style=\"height:32px;\"><\/div><\/div><\/div><\/div><\/div><!-- CWS Column --> <\/div><\/div><\/div><\/div>\n<\/div>","protected":false},"excerpt":{"rendered":"We are provider of the telecommunication network in the HT industrial park Vlkanov\u00e1, which is situated at Matu\u0161kova 48 in Vlkanov\u00e1 village near Bansk\u00e1 Bystrica city. Company HTMAS ltd. is licensed to enterprise under the decision of the T\u00daSR (Telecommunications office of the Slovak republic) from September 1st 2008. HTMAS provides following services: public telephone service, data transfer, access to the internet, VOIP (voice over internet protocol). Name of the documentEffective from Zmluva o poskytovan\u00ed verejnej slu\u017eby2018-06-27 Zmluva o Pripojen\u00ed2008-09-01","protected":false},"author":3,"featured_media":0,"parent":0,"menu_order":0,"comment_status":"closed","ping_status":"closed","template":"","meta":{"footnotes":""},"class_list":["post-4349","page","type-page","status-publish","hentry"],"yoast_head":"<!-- This site is optimized with the Yoast SEO plugin v24.7 - https:\/\/yoast.com\/wordpress\/plugins\/seo\/ -->\n<title>Telecommunications services - HTMAS s.r.o.<\/title>\n<meta name=\"robots\" content=\"index, follow, max-snippet:-1, max-image-preview:large, max-video-preview:-1\" \/>\n<link rel=\"canonical\" href=\"https:\/\/www.htmas.eu\/sk\/telecommunications-services\/\" \/>\n<meta property=\"og:locale\" content=\"sk_SK\" \/>\n<meta property=\"og:type\" content=\"article\" \/>\n<meta property=\"og:title\" content=\"Telecommunications services - HTMAS s.r.o.\" \/>\n<meta property=\"og:url\" content=\"https:\/\/www.htmas.eu\/sk\/telecommunications-services\/\" \/>\n<meta property=\"og:site_name\" content=\"HTMAS s.r.o.\" \/>\n<meta property=\"article:modified_time\" content=\"2020-01-30T08:53:43+00:00\" \/>\n<meta name=\"twitter:card\" content=\"summary_large_image\" \/>\n<script type=\"application\/ld+json\" class=\"yoast-schema-graph\">{\"@context\":\"https:\/\/schema.org\",\"@graph\":[{\"@type\":\"WebPage\",\"@id\":\"https:\/\/www.htmas.eu\/telecommunications-services\/\",\"url\":\"https:\/\/www.htmas.eu\/telecommunications-services\/\",\"name\":\"Telecommunications services - HTMAS s.r.o.\",\"isPartOf\":{\"@id\":\"https:\/\/www.htmas.eu\/#website\"},\"datePublished\":\"2020-01-29T09:20:53+00:00\",\"dateModified\":\"2020-01-30T08:53:43+00:00\",\"breadcrumb\":{\"@id\":\"https:\/\/www.htmas.eu\/telecommunications-services\/#breadcrumb\"},\"inLanguage\":\"sk-SK\",\"potentialAction\":[{\"@type\":\"ReadAction\",\"target\":[\"https:\/\/www.htmas.eu\/telecommunications-services\/\"]}]},{\"@type\":\"BreadcrumbList\",\"@id\":\"https:\/\/www.htmas.eu\/telecommunications-services\/#breadcrumb\",\"itemListElement\":[{\"@type\":\"ListItem\",\"position\":1,\"name\":\"Home\",\"item\":\"https:\/\/www.htmas.eu\/\"},{\"@type\":\"ListItem\",\"position\":2,\"name\":\"Telecommunications services\"}]},{\"@type\":\"WebSite\",\"@id\":\"https:\/\/www.htmas.eu\/#website\",\"url\":\"https:\/\/www.htmas.eu\/\",\"name\":\"HTMAS s.r.o.\",\"description\":\"..share your future with us\",\"publisher\":{\"@id\":\"https:\/\/www.htmas.eu\/#organization\"},\"potentialAction\":[{\"@type\":\"SearchAction\",\"target\":{\"@type\":\"EntryPoint\",\"urlTemplate\":\"https:\/\/www.htmas.eu\/?s={search_term_string}\"},\"query-input\":{\"@type\":\"PropertyValueSpecification\",\"valueRequired\":true,\"valueName\":\"search_term_string\"}}],\"inLanguage\":\"sk-SK\"},{\"@type\":\"Organization\",\"@id\":\"https:\/\/www.htmas.eu\/#organization\",\"name\":\"HTMAS s.r.o.\",\"url\":\"https:\/\/www.htmas.eu\/\",\"logo\":{\"@type\":\"ImageObject\",\"inLanguage\":\"sk-SK\",\"@id\":\"https:\/\/www.htmas.eu\/#\/schema\/logo\/image\/\",\"url\":\"https:\/\/www.htmas.eu\/wp-content\/uploads\/2020\/01\/logo_htmas.png\",\"contentUrl\":\"https:\/\/www.htmas.eu\/wp-content\/uploads\/2020\/01\/logo_htmas.png\",\"width\":695,\"height\":58,\"caption\":\"HTMAS s.r.o.\"},\"image\":{\"@id\":\"https:\/\/www.htmas.eu\/#\/schema\/logo\/image\/\"}}]}<\/script>\n<!-- \/ Yoast SEO plugin. -->","yoast_head_json":{"title":"Telecommunications services - HTMAS s.r.o.","robots":{"index":"index","follow":"follow","max-snippet":"max-snippet:-1","max-image-preview":"max-image-preview:large","max-video-preview":"max-video-preview:-1"},"canonical":"https:\/\/www.htmas.eu\/sk\/telecommunications-services\/","og_locale":"sk_SK","og_type":"article","og_title":"Telecommunications services - HTMAS s.r.o.","og_url":"https:\/\/www.htmas.eu\/sk\/telecommunications-services\/","og_site_name":"HTMAS s.r.o.","article_modified_time":"2020-01-30T08:53:43+00:00","twitter_card":"summary_large_image","schema":{"@context":"https:\/\/schema.org","@graph":[{"@type":"WebPage","@id":"https:\/\/www.htmas.eu\/telecommunications-services\/","url":"https:\/\/www.htmas.eu\/telecommunications-services\/","name":"Telecommunications services - HTMAS s.r.o.","isPartOf":{"@id":"https:\/\/www.htmas.eu\/#website"},"datePublished":"2020-01-29T09:20:53+00:00","dateModified":"2020-01-30T08:53:43+00:00","breadcrumb":{"@id":"https:\/\/www.htmas.eu\/telecommunications-services\/#breadcrumb"},"inLanguage":"sk-SK","potentialAction":[{"@type":"ReadAction","target":["https:\/\/www.htmas.eu\/telecommunications-services\/"]}]},{"@type":"BreadcrumbList","@id":"https:\/\/www.htmas.eu\/telecommunications-services\/#breadcrumb","itemListElement":[{"@type":"ListItem","position":1,"name":"Home","item":"https:\/\/www.htmas.eu\/"},{"@type":"ListItem","position":2,"name":"Telecommunications services"}]},{"@type":"WebSite","@id":"https:\/\/www.htmas.eu\/#website","url":"https:\/\/www.htmas.eu\/","name":"HTMAS s.r.o.","description":"..share your future with us","publisher":{"@id":"https:\/\/www.htmas.eu\/#organization"},"potentialAction":[{"@type":"SearchAction","target":{"@type":"EntryPoint","urlTemplate":"https:\/\/www.htmas.eu\/?s={search_term_string}"},"query-input":{"@type":"PropertyValueSpecification","valueRequired":true,"valueName":"search_term_string"}}],"inLanguage":"sk-SK"},{"@type":"Organization","@id":"https:\/\/www.htmas.eu\/#organization","name":"HTMAS s.r.o.","url":"https:\/\/www.htmas.eu\/","logo":{"@type":"ImageObject","inLanguage":"sk-SK","@id":"https:\/\/www.htmas.eu\/#\/schema\/logo\/image\/","url":"https:\/\/www.htmas.eu\/wp-content\/uploads\/2020\/01\/logo_htmas.png","contentUrl":"https:\/\/www.htmas.eu\/wp-content\/uploads\/2020\/01\/logo_htmas.png","width":695,"height":58,"caption":"HTMAS s.r.o."},"image":{"@id":"https:\/\/www.htmas.eu\/#\/schema\/logo\/image\/"}}]}},"_links":{"self":[{"href":"https:\/\/www.htmas.eu\/sk\/wp-json\/wp\/v2\/pages\/4349","targetHints":{"allow":["GET"]}}],"collection":[{"href":"https:\/\/www.htmas.eu\/sk\/wp-json\/wp\/v2\/pages"}],"about":[{"href":"https:\/\/www.htmas.eu\/sk\/wp-json\/wp\/v2\/types\/page"}],"author":[{"embeddable":true,"href":"https:\/\/www.htmas.eu\/sk\/wp-json\/wp\/v2\/users\/3"}],"replies":[{"embeddable":true,"href":"https:\/\/www.htmas.eu\/sk\/wp-json\/wp\/v2\/comments?post=4349"}],"version-history":[{"count":2,"href":"https:\/\/www.htmas.eu\/sk\/wp-json\/wp\/v2\/pages\/4349\/revisions"}],"predecessor-version":[{"id":4378,"href":"https:\/\/www.htmas.eu\/sk\/wp-json\/wp\/v2\/pages\/4349\/revisions\/4378"}],"wp:attachment":[{"href":"https:\/\/www.htmas.eu\/sk\/wp-json\/wp\/v2\/media?parent=4349"}],"curies":[{"name":"wp","href":"https:\/\/api.w.org\/{rel}","templated":true}]}}