{"id":4414,"date":"2020-01-29T10:11:14","date_gmt":"2020-01-29T10:11:14","guid":{"rendered":"https:\/\/htmas.eu\/?page_id=4414"},"modified":"2020-01-30T08:54:04","modified_gmt":"2020-01-30T08:54:04","slug":"water","status":"publish","type":"page","link":"https:\/\/www.htmas.eu\/sk\/water\/","title":{"rendered":"Voda"},"content":{"rendered":"<div class=\"wpb-content-wrapper\"><!-- CWS Row --><div class=\"cws-content clearfix\"><div class=\"vc_row wpb_row vc_row-fluid\"><div class=\"wpb_column vc_column_container vc_col-sm-12 cws-column\"><div class=\"cws_vc_column-inner\"><div class=\"wpb_column vc_column_container vc_col-sm-12\"><div class=\"vc_column-inner\"><div class=\"wpb_wrapper\"><section id='posts_grid_69f2db238c4a1' class='news hovernone blog_post posts_grid post_posts_grid posts_grid_related posts_grid_grid'><div class='cws_vc_shortcode_wrapper'><div class='cws_vc_shortcode_grid grid layout-related'><article id='post_post_69f2db238eb8b' class=\"item post no_likes post_post posts_grid_post  post-4443 type-post status-publish format-image has-post-thumbnail hentry category-the-operation-rules-water category-water post_format-post-format-image\"><div class='post_wrapper post_post_wrapper posts_grid_post_wrapper clearfix'><div class='post_media post_post_media posts_grid_post_media'><div class='pic'><img src='https:\/\/www.htmas.eu\/wp-content\/uploads\/2020\/01\/htmas_water_01d201f81_4283.jpg' data-no-retina alt='htmas_water' \/><div class='hover-effect'><\/div><div class='plus_wrapper'><span><\/span><span><\/span><\/div><a class='link_area_post_media post_media_link post_post_media_link posts_grid_post_media_link' href='https:\/\/www.htmas.eu\/sk\/2020\/01\/29\/water-the-operation-rules\/'><\/a><\/div><\/div><div class='post_post_info posts_grid_post_info'><div class='post_info_header'><div class='post_info_meta'><\/div><div class='post_info_divider'><\/div><\/div><h4 class='post_title post_post_title posts_grid_post_title'><a href='https:\/\/www.htmas.eu\/sk\/2020\/01\/29\/water-the-operation-rules\/'>Prev\u00e1dzkov\u00fd poriadok<\/a><\/h4><div class='post_content post_post_content posts_grid_post_content clearfix'><p>Spolo\u010dnos\u0165 HTMAS s.r.o. je vlastn\u00edkom \u010distiarne odpadov\u00fdch v\u00f4d a neverejnej kanaliz\u00e1cie a v r\u00e1mci HT technologick\u00e9ho parku Vlkanov\u00e1 s\u00eddliaceho na adrese Matu\u0161kova 48 v obci Vlkanov\u00e1 pri Banskej Bystrici zabezpe\u010duje dod\u00e1vku pitnej vody, \u010distenie odpadov\u00fdch v\u00f4d a pre\u010derp\u00e1vanie da\u017e\u010fov\u00fdch v\u00f4d.<\/p>\n<\/div><div class='post_info_footer'><div class='post_more'><a href='https:\/\/www.htmas.eu\/sk\/2020\/01\/29\/water-the-operation-rules\/' class='read_more_button'>Viac inform\u00e1ci\u00ed<\/a><\/div><\/div><\/div><\/div><\/article><article id='post_post_69f2db23900ad' class=\"item post no_likes post_post posts_grid_post  post-4416 type-post status-publish format-image has-post-thumbnail hentry category-price-list category-water post_format-post-format-image\"><div class='post_wrapper post_post_wrapper posts_grid_post_wrapper clearfix'><div class='post_media post_post_media posts_grid_post_media'><div class='pic'><img src='https:\/\/www.htmas.eu\/wp-content\/uploads\/2020\/01\/htmas_water_01d201f81_4283.jpg' data-no-retina alt='htmas_water' \/><div class='hover-effect'><\/div><div class='plus_wrapper'><span><\/span><span><\/span><\/div><a class='link_area_post_media post_media_link post_post_media_link posts_grid_post_media_link' href='https:\/\/www.htmas.eu\/sk\/2020\/01\/29\/water-price-list\/'><\/a><\/div><\/div><div class='post_post_info posts_grid_post_info'><div class='post_info_header'><div class='post_info_meta'><\/div><div class='post_info_divider'><\/div><\/div><h4 class='post_title post_post_title posts_grid_post_title'><a href='https:\/\/www.htmas.eu\/sk\/2020\/01\/29\/water-price-list\/'>Cenn\u00edk<\/a><\/h4><div class='post_content post_post_content posts_grid_post_content clearfix'><p>Spolo\u010dnos\u0165 HTMAS s.r.o. je vlastn\u00edkom \u010distiarne odpadov\u00fdch v\u00f4d a neverejnej kanaliz\u00e1cie a v r\u00e1mci HT technologick\u00e9ho parku Vlkanov\u00e1 s\u00eddliaceho na adrese Matu\u0161kova 48 v obci Vlkanov\u00e1 pri Banskej Bystrici zabezpe\u010duje dod\u00e1vku pitnej vody, \u010distenie odpadov\u00fdch v\u00f4d a pre\u010derp\u00e1vanie da\u017e\u010fov\u00fdch v\u00f4d.<\/p>\n<\/div><div class='post_info_footer'><div class='post_more'><a href='https:\/\/www.htmas.eu\/sk\/2020\/01\/29\/water-price-list\/' class='read_more_button'>Viac inform\u00e1ci\u00ed<\/a><\/div><\/div><\/div><\/div><\/article><\/div><\/div><\/section><div class=\"cws_spacing\"><div class=\"cws_spacing cws_spacing_default\" style=\"height:32px;\"><\/div><\/div><\/div><\/div><\/div><!-- CWS Column --> <\/div><\/div><\/div><\/div>\n<\/div>","protected":false},"excerpt":{"rendered":"HTMAS Ltd. company is the owner of the wastewater treatment plant and non-public sewer system. The company also provides services as the supply of drinking water, wastewater treatment and repumping of rainwater within the HT industrial park Vlkanov\u00e1, which is situated in Vlkanov\u00e1 village, Matu\u0161kova street 48. Name of the documentEffective from HTMAS dod\u00e1vka vody a sto\u010dn\u00e9 od 1.1.20262026-01-01 HTMAS dod\u00e1vka vody a sto\u010dn\u00e9 od 1_6_20252025-06-01 HTMAS Cenn\u00edk vodn\u00e9, sto\u010dn\u00e9 na rok 2025 2025-01-01 HTMAS dod\u00e1vka vody a sto\u010dn\u00e9 od 1_6_20242024-06-01 HTMAS Cenn\u00edk vodn\u00e9, sto\u010dn\u00e9 na rok 20242024-01-01 HTMAS dod\u00e1vka vody a sto\u010dn\u00e9 na rok 20232023-11-01 HTMAS dod\u00e1vka vody a sto\u010dn\u00e9 od 1_3_20232023-03-01 HTMAS Cenn\u00edk vodn\u00e9, sto\u010dn\u00e9 na rok 20232023-01-01 HTMAS Cenn\u00edk vodn\u00e9, sto\u010dn\u00e9 na rok 20222022-01-01 HTMAS Cenn\u00edk vodn\u00e9, sto\u010dn\u00e9 na rok 20212021-02-01 HTMAS Cenn\u00edk vodn\u00e9, sto\u010dn\u00e9 na rok 20202020-01-01 Rozhodnutie OU-BB-OSZP3-2019\/034047-0042019-11-29 Cenn\u00edk vodn\u00e9ho a sto\u010dn\u00e9ho na rok 20192019-01-01 Cenn\u00edk vodn\u00e9ho a sto\u010dn\u00e9ho na rok 20182018-01-01 Rozhodnutie OU-BB-OSZP3-2017\/019143-0082017-11-30 Cenn\u00edk vodn\u00e9ho a sto\u010dn\u00e9ho platn\u00fd od 01.07.20172017-07-01 Rozhodnutie 0259_2017_V2017-07-01 Cenn\u00edk vodn\u00e9ho a sto\u010dn\u00e9ho na rok 20172017-01-01 Da\u017e\u010fov\u00e1 voda2017-01-01 Rozhodnutie URSO_0214_20172017_Dod\u00e1vka_pitnej_vody2017-01-01","protected":false},"author":3,"featured_media":0,"parent":0,"menu_order":0,"comment_status":"closed","ping_status":"closed","template":"","meta":{"footnotes":""},"class_list":["post-4414","page","type-page","status-publish","hentry"],"yoast_head":"<!-- This site is optimized with the Yoast SEO plugin v24.7 - https:\/\/yoast.com\/wordpress\/plugins\/seo\/ -->\n<title>Water - HTMAS s.r.o.<\/title>\n<meta name=\"robots\" content=\"index, follow, max-snippet:-1, max-image-preview:large, max-video-preview:-1\" \/>\n<link rel=\"canonical\" href=\"https:\/\/www.htmas.eu\/sk\/water\/\" \/>\n<meta property=\"og:locale\" content=\"sk_SK\" \/>\n<meta property=\"og:type\" content=\"article\" \/>\n<meta property=\"og:title\" content=\"Water - HTMAS s.r.o.\" \/>\n<meta property=\"og:url\" content=\"https:\/\/www.htmas.eu\/sk\/water\/\" \/>\n<meta property=\"og:site_name\" content=\"HTMAS s.r.o.\" \/>\n<meta property=\"article:modified_time\" content=\"2020-01-30T08:54:04+00:00\" \/>\n<meta name=\"twitter:card\" content=\"summary_large_image\" \/>\n<script type=\"application\/ld+json\" class=\"yoast-schema-graph\">{\"@context\":\"https:\/\/schema.org\",\"@graph\":[{\"@type\":\"WebPage\",\"@id\":\"https:\/\/www.htmas.eu\/water\/\",\"url\":\"https:\/\/www.htmas.eu\/water\/\",\"name\":\"Water - HTMAS s.r.o.\",\"isPartOf\":{\"@id\":\"https:\/\/www.htmas.eu\/#website\"},\"datePublished\":\"2020-01-29T10:11:14+00:00\",\"dateModified\":\"2020-01-30T08:54:04+00:00\",\"breadcrumb\":{\"@id\":\"https:\/\/www.htmas.eu\/water\/#breadcrumb\"},\"inLanguage\":\"sk-SK\",\"potentialAction\":[{\"@type\":\"ReadAction\",\"target\":[\"https:\/\/www.htmas.eu\/water\/\"]}]},{\"@type\":\"BreadcrumbList\",\"@id\":\"https:\/\/www.htmas.eu\/water\/#breadcrumb\",\"itemListElement\":[{\"@type\":\"ListItem\",\"position\":1,\"name\":\"Home\",\"item\":\"https:\/\/www.htmas.eu\/\"},{\"@type\":\"ListItem\",\"position\":2,\"name\":\"Water\"}]},{\"@type\":\"WebSite\",\"@id\":\"https:\/\/www.htmas.eu\/#website\",\"url\":\"https:\/\/www.htmas.eu\/\",\"name\":\"HTMAS s.r.o.\",\"description\":\"..share your future with us\",\"publisher\":{\"@id\":\"https:\/\/www.htmas.eu\/#organization\"},\"potentialAction\":[{\"@type\":\"SearchAction\",\"target\":{\"@type\":\"EntryPoint\",\"urlTemplate\":\"https:\/\/www.htmas.eu\/?s={search_term_string}\"},\"query-input\":{\"@type\":\"PropertyValueSpecification\",\"valueRequired\":true,\"valueName\":\"search_term_string\"}}],\"inLanguage\":\"sk-SK\"},{\"@type\":\"Organization\",\"@id\":\"https:\/\/www.htmas.eu\/#organization\",\"name\":\"HTMAS s.r.o.\",\"url\":\"https:\/\/www.htmas.eu\/\",\"logo\":{\"@type\":\"ImageObject\",\"inLanguage\":\"sk-SK\",\"@id\":\"https:\/\/www.htmas.eu\/#\/schema\/logo\/image\/\",\"url\":\"https:\/\/www.htmas.eu\/wp-content\/uploads\/2020\/01\/logo_htmas.png\",\"contentUrl\":\"https:\/\/www.htmas.eu\/wp-content\/uploads\/2020\/01\/logo_htmas.png\",\"width\":695,\"height\":58,\"caption\":\"HTMAS s.r.o.\"},\"image\":{\"@id\":\"https:\/\/www.htmas.eu\/#\/schema\/logo\/image\/\"}}]}<\/script>\n<!-- \/ Yoast SEO plugin. -->","yoast_head_json":{"title":"Water - HTMAS s.r.o.","robots":{"index":"index","follow":"follow","max-snippet":"max-snippet:-1","max-image-preview":"max-image-preview:large","max-video-preview":"max-video-preview:-1"},"canonical":"https:\/\/www.htmas.eu\/sk\/water\/","og_locale":"sk_SK","og_type":"article","og_title":"Water - HTMAS s.r.o.","og_url":"https:\/\/www.htmas.eu\/sk\/water\/","og_site_name":"HTMAS s.r.o.","article_modified_time":"2020-01-30T08:54:04+00:00","twitter_card":"summary_large_image","schema":{"@context":"https:\/\/schema.org","@graph":[{"@type":"WebPage","@id":"https:\/\/www.htmas.eu\/water\/","url":"https:\/\/www.htmas.eu\/water\/","name":"Water - HTMAS s.r.o.","isPartOf":{"@id":"https:\/\/www.htmas.eu\/#website"},"datePublished":"2020-01-29T10:11:14+00:00","dateModified":"2020-01-30T08:54:04+00:00","breadcrumb":{"@id":"https:\/\/www.htmas.eu\/water\/#breadcrumb"},"inLanguage":"sk-SK","potentialAction":[{"@type":"ReadAction","target":["https:\/\/www.htmas.eu\/water\/"]}]},{"@type":"BreadcrumbList","@id":"https:\/\/www.htmas.eu\/water\/#breadcrumb","itemListElement":[{"@type":"ListItem","position":1,"name":"Home","item":"https:\/\/www.htmas.eu\/"},{"@type":"ListItem","position":2,"name":"Water"}]},{"@type":"WebSite","@id":"https:\/\/www.htmas.eu\/#website","url":"https:\/\/www.htmas.eu\/","name":"HTMAS s.r.o.","description":"..share your future with us","publisher":{"@id":"https:\/\/www.htmas.eu\/#organization"},"potentialAction":[{"@type":"SearchAction","target":{"@type":"EntryPoint","urlTemplate":"https:\/\/www.htmas.eu\/?s={search_term_string}"},"query-input":{"@type":"PropertyValueSpecification","valueRequired":true,"valueName":"search_term_string"}}],"inLanguage":"sk-SK"},{"@type":"Organization","@id":"https:\/\/www.htmas.eu\/#organization","name":"HTMAS s.r.o.","url":"https:\/\/www.htmas.eu\/","logo":{"@type":"ImageObject","inLanguage":"sk-SK","@id":"https:\/\/www.htmas.eu\/#\/schema\/logo\/image\/","url":"https:\/\/www.htmas.eu\/wp-content\/uploads\/2020\/01\/logo_htmas.png","contentUrl":"https:\/\/www.htmas.eu\/wp-content\/uploads\/2020\/01\/logo_htmas.png","width":695,"height":58,"caption":"HTMAS s.r.o."},"image":{"@id":"https:\/\/www.htmas.eu\/#\/schema\/logo\/image\/"}}]}},"_links":{"self":[{"href":"https:\/\/www.htmas.eu\/sk\/wp-json\/wp\/v2\/pages\/4414","targetHints":{"allow":["GET"]}}],"collection":[{"href":"https:\/\/www.htmas.eu\/sk\/wp-json\/wp\/v2\/pages"}],"about":[{"href":"https:\/\/www.htmas.eu\/sk\/wp-json\/wp\/v2\/types\/page"}],"author":[{"embeddable":true,"href":"https:\/\/www.htmas.eu\/sk\/wp-json\/wp\/v2\/users\/3"}],"replies":[{"embeddable":true,"href":"https:\/\/www.htmas.eu\/sk\/wp-json\/wp\/v2\/comments?post=4414"}],"version-history":[{"count":3,"href":"https:\/\/www.htmas.eu\/sk\/wp-json\/wp\/v2\/pages\/4414\/revisions"}],"predecessor-version":[{"id":4442,"href":"https:\/\/www.htmas.eu\/sk\/wp-json\/wp\/v2\/pages\/4414\/revisions\/4442"}],"wp:attachment":[{"href":"https:\/\/www.htmas.eu\/sk\/wp-json\/wp\/v2\/media?parent=4414"}],"curies":[{"name":"wp","href":"https:\/\/api.w.org\/{rel}","templated":true}]}}