{"id":4548,"date":"2020-01-30T07:07:51","date_gmt":"2020-01-30T07:07:51","guid":{"rendered":"https:\/\/htmas.eu\/?page_id=4548"},"modified":"2020-02-17T16:00:45","modified_gmt":"2020-02-17T16:00:45","slug":"failure-reporting","status":"publish","type":"page","link":"https:\/\/www.htmas.eu\/sk\/failure-reporting\/","title":{"rendered":"Nahlasovanie por\u00fach"},"content":{"rendered":"<div class=\"wpb-content-wrapper\"><!-- CWS Row --><div class=\"cws-content clearfix\"><div class=\"vc_row wpb_row vc_row-fluid vc_custom_1579101384844 vc_row-o-equal-height vc_row-flex\"><div class=\"wpb_column vc_column_container vc_col-sm-12 vc_col-has-padding cws-column\"><div class=\"cws_vc_column-inner vc_custom_1579099836043\"><div class=\"wpb_column vc_column_container vc_col-sm-12\"><div class=\"vc_column-inner vc_custom_1579099836043\"><div class=\"wpb_wrapper\"><div class=\"cws_spacing cws_spacing_size_sm_desctop-on cws_spacing_tablet-on cws_spacing_mobile-on\"><div class=\"cws_spacing cws_spacing_default\" style=\"height:90px;\"><\/div> <div class=\"cws_spacing cws_spacing_size_sm_desctop\" style=\"height:90px;\"><\/div> <div class=\"cws_spacing cws_spacing_tablet\" style=\"height:50px;\"><\/div> <div class=\"cws_spacing cws_spacing_mobile\" style=\"height:0px;\"><\/div><\/div><div class='cws_textmodule cws_vc_shortcode_module' id='cws_textmodule_69e22014748cc'><div class='cws_textmodule_wrapper'><div class='cws_textmodule_text text_align_left'><div class='cws_textmodule_titles display_block'><h2 class='cws_textmodule_title'><span>Nahlasovanie por\u00fach<\/span><\/h2><\/div><div class='cws_textmodule_content'><div class='text_content_wrapper'><p>Nahl\u00e1senie por\u00fach a s\u0165a\u017enost\u00ed je mo\u017en\u00e9 prostredn\u00edctvom e-mailov\u00e9ho kontaktu\u00a0<a href=\"mailto:info@htmas.eu\">info@htmas.eu<\/a>,\u00a0<a href=\"mailto:service@htmas.eu\">service@htmas.eu<\/a>, alebo telefonicky na mobilnom \u010d\u00edsle\u00a0<strong>+421 905 610590<\/strong>\u00a0a pevnej linke\u00a0<strong>+421 48 2297 701<\/strong>. V\u0161etky kontakty s\u00fa uveden\u00e9 aj na webovej str\u00e1nke Podniku. Pri rie\u0161en\u00ed s\u0165a\u017enosti na kvalitu linky sa najsk\u00f4r t\u00e1to skontroluje pr\u00edp. oprav\u00ed na dia\u013eku, ak tento postup nie je \u00faspe\u0161n\u00fd nasleduje v\u00fdjazd technika na miesto pripojenia, ktor\u00fd prever\u00ed probl\u00e9m a odstr\u00e1ni ho. Odstr\u00e1nenie probl\u00e9mu na mieste pripojenia je realizovan\u00e9 \u0161tandardne max. do 48 hod\u00edn od nahl\u00e1senia s\u0165a\u017enosti.<\/p>\n<\/div><\/div><\/div><\/div><\/div><div class=\"cws_spacing cws_spacing_size_sm_desctop-on cws_spacing_tablet-on cws_spacing_mobile-on\"><div class=\"cws_spacing cws_spacing_default\" style=\"height:40px;\"><\/div> <div class=\"cws_spacing cws_spacing_size_sm_desctop\" style=\"height:40px;\"><\/div> <div class=\"cws_spacing cws_spacing_tablet\" style=\"height:40px;\"><\/div> <div class=\"cws_spacing cws_spacing_mobile\" style=\"height:40px;\"><\/div><\/div><\/div><\/div><\/div><!-- CWS Column --> <\/div><\/div><\/div><\/div><!-- CWS Row --><div class=\"cws-content clearfix\"><div data-vc-full-width=\"true\" data-vc-full-width-init=\"false\" data-vc-stretch-content=\"true\" class=\"vc_row wpb_row vc_row-fluid vc_custom_1579100429683\"><div class=\"wpb_column vc_column_container vc_col-sm-12 cws-column\"><div class=\"cws_vc_column-inner\"><div class=\"wpb_column vc_column_container vc_col-sm-12\"><div class=\"vc_column-inner\"><div class=\"wpb_wrapper\"><div class=\"vc_empty_space\"   style=\"height: 5px\"><span class=\"vc_empty_space_inner\"><\/span><\/div><\/div><\/div><\/div><!-- CWS Column --> <\/div><\/div><\/div><div class=\"vc_row-full-width vc_clearfix\"><\/div><\/div>\n<\/div>","protected":false},"excerpt":{"rendered":"Failure reportingNahl\u00e1senie por\u00fach a s\u0165a\u017enost\u00ed je mo\u017en\u00e9 prostredn\u00edctvom e-mailov\u00e9ho kontaktu\u00a0info@htmas.eu,\u00a0service@htmas.eu, alebo telefonicky na mobilnom \u010d\u00edsle\u00a0+421 905 610590\u00a0a pevnej linke\u00a0+421 48 2297 701. V\u0161etky kontakty s\u00fa uveden\u00e9 aj na webovej str\u00e1nke Podniku. Pri rie\u0161en\u00ed s\u0165a\u017enosti na kvalitu linky sa najsk\u00f4r t\u00e1to skontroluje pr\u00edp. oprav\u00ed na dia\u013eku, ak tento postup nie je \u00faspe\u0161n\u00fd nasleduje v\u00fdjazd technika na miesto pripojenia, ktor\u00fd prever\u00ed probl\u00e9m a odstr\u00e1ni ho. Odstr\u00e1nenie probl\u00e9mu na mieste pripojenia je realizovan\u00e9 \u0161tandardne max. do 48 hod\u00edn od nahl\u00e1senia s\u0165a\u017enosti.","protected":false},"author":3,"featured_media":0,"parent":0,"menu_order":0,"comment_status":"closed","ping_status":"closed","template":"","meta":{"footnotes":""},"class_list":["post-4548","page","type-page","status-publish","hentry"],"yoast_head":"<!-- This site is optimized with the Yoast SEO plugin v24.7 - https:\/\/yoast.com\/wordpress\/plugins\/seo\/ -->\n<title>Failure reporting - HTMAS s.r.o.<\/title>\n<meta name=\"robots\" content=\"index, follow, max-snippet:-1, max-image-preview:large, max-video-preview:-1\" \/>\n<link rel=\"canonical\" href=\"https:\/\/www.htmas.eu\/sk\/failure-reporting\/\" \/>\n<meta property=\"og:locale\" content=\"sk_SK\" \/>\n<meta property=\"og:type\" content=\"article\" \/>\n<meta property=\"og:title\" content=\"Failure reporting - HTMAS s.r.o.\" \/>\n<meta property=\"og:url\" content=\"https:\/\/www.htmas.eu\/sk\/failure-reporting\/\" \/>\n<meta property=\"og:site_name\" content=\"HTMAS s.r.o.\" \/>\n<meta property=\"article:modified_time\" content=\"2020-02-17T16:00:45+00:00\" \/>\n<meta name=\"twitter:card\" content=\"summary_large_image\" \/>\n<meta name=\"twitter:label1\" content=\"Predpokladan\u00fd \u010das \u010d\u00edtania\" \/>\n\t<meta name=\"twitter:data1\" content=\"1 min\u00fata\" \/>\n<script type=\"application\/ld+json\" class=\"yoast-schema-graph\">{\"@context\":\"https:\/\/schema.org\",\"@graph\":[{\"@type\":\"WebPage\",\"@id\":\"https:\/\/www.htmas.eu\/failure-reporting\/\",\"url\":\"https:\/\/www.htmas.eu\/failure-reporting\/\",\"name\":\"Failure reporting - HTMAS s.r.o.\",\"isPartOf\":{\"@id\":\"https:\/\/www.htmas.eu\/#website\"},\"datePublished\":\"2020-01-30T07:07:51+00:00\",\"dateModified\":\"2020-02-17T16:00:45+00:00\",\"breadcrumb\":{\"@id\":\"https:\/\/www.htmas.eu\/failure-reporting\/#breadcrumb\"},\"inLanguage\":\"sk-SK\",\"potentialAction\":[{\"@type\":\"ReadAction\",\"target\":[\"https:\/\/www.htmas.eu\/failure-reporting\/\"]}]},{\"@type\":\"BreadcrumbList\",\"@id\":\"https:\/\/www.htmas.eu\/failure-reporting\/#breadcrumb\",\"itemListElement\":[{\"@type\":\"ListItem\",\"position\":1,\"name\":\"Home\",\"item\":\"https:\/\/www.htmas.eu\/\"},{\"@type\":\"ListItem\",\"position\":2,\"name\":\"Failure reporting\"}]},{\"@type\":\"WebSite\",\"@id\":\"https:\/\/www.htmas.eu\/#website\",\"url\":\"https:\/\/www.htmas.eu\/\",\"name\":\"HTMAS s.r.o.\",\"description\":\"..share your future with us\",\"publisher\":{\"@id\":\"https:\/\/www.htmas.eu\/#organization\"},\"potentialAction\":[{\"@type\":\"SearchAction\",\"target\":{\"@type\":\"EntryPoint\",\"urlTemplate\":\"https:\/\/www.htmas.eu\/?s={search_term_string}\"},\"query-input\":{\"@type\":\"PropertyValueSpecification\",\"valueRequired\":true,\"valueName\":\"search_term_string\"}}],\"inLanguage\":\"sk-SK\"},{\"@type\":\"Organization\",\"@id\":\"https:\/\/www.htmas.eu\/#organization\",\"name\":\"HTMAS s.r.o.\",\"url\":\"https:\/\/www.htmas.eu\/\",\"logo\":{\"@type\":\"ImageObject\",\"inLanguage\":\"sk-SK\",\"@id\":\"https:\/\/www.htmas.eu\/#\/schema\/logo\/image\/\",\"url\":\"https:\/\/www.htmas.eu\/wp-content\/uploads\/2020\/01\/logo_htmas.png\",\"contentUrl\":\"https:\/\/www.htmas.eu\/wp-content\/uploads\/2020\/01\/logo_htmas.png\",\"width\":695,\"height\":58,\"caption\":\"HTMAS s.r.o.\"},\"image\":{\"@id\":\"https:\/\/www.htmas.eu\/#\/schema\/logo\/image\/\"}}]}<\/script>\n<!-- \/ Yoast SEO plugin. -->","yoast_head_json":{"title":"Failure reporting - HTMAS s.r.o.","robots":{"index":"index","follow":"follow","max-snippet":"max-snippet:-1","max-image-preview":"max-image-preview:large","max-video-preview":"max-video-preview:-1"},"canonical":"https:\/\/www.htmas.eu\/sk\/failure-reporting\/","og_locale":"sk_SK","og_type":"article","og_title":"Failure reporting - HTMAS s.r.o.","og_url":"https:\/\/www.htmas.eu\/sk\/failure-reporting\/","og_site_name":"HTMAS s.r.o.","article_modified_time":"2020-02-17T16:00:45+00:00","twitter_card":"summary_large_image","twitter_misc":{"Predpokladan\u00fd \u010das \u010d\u00edtania":"1 min\u00fata"},"schema":{"@context":"https:\/\/schema.org","@graph":[{"@type":"WebPage","@id":"https:\/\/www.htmas.eu\/failure-reporting\/","url":"https:\/\/www.htmas.eu\/failure-reporting\/","name":"Failure reporting - HTMAS s.r.o.","isPartOf":{"@id":"https:\/\/www.htmas.eu\/#website"},"datePublished":"2020-01-30T07:07:51+00:00","dateModified":"2020-02-17T16:00:45+00:00","breadcrumb":{"@id":"https:\/\/www.htmas.eu\/failure-reporting\/#breadcrumb"},"inLanguage":"sk-SK","potentialAction":[{"@type":"ReadAction","target":["https:\/\/www.htmas.eu\/failure-reporting\/"]}]},{"@type":"BreadcrumbList","@id":"https:\/\/www.htmas.eu\/failure-reporting\/#breadcrumb","itemListElement":[{"@type":"ListItem","position":1,"name":"Home","item":"https:\/\/www.htmas.eu\/"},{"@type":"ListItem","position":2,"name":"Failure reporting"}]},{"@type":"WebSite","@id":"https:\/\/www.htmas.eu\/#website","url":"https:\/\/www.htmas.eu\/","name":"HTMAS s.r.o.","description":"..share your future with us","publisher":{"@id":"https:\/\/www.htmas.eu\/#organization"},"potentialAction":[{"@type":"SearchAction","target":{"@type":"EntryPoint","urlTemplate":"https:\/\/www.htmas.eu\/?s={search_term_string}"},"query-input":{"@type":"PropertyValueSpecification","valueRequired":true,"valueName":"search_term_string"}}],"inLanguage":"sk-SK"},{"@type":"Organization","@id":"https:\/\/www.htmas.eu\/#organization","name":"HTMAS s.r.o.","url":"https:\/\/www.htmas.eu\/","logo":{"@type":"ImageObject","inLanguage":"sk-SK","@id":"https:\/\/www.htmas.eu\/#\/schema\/logo\/image\/","url":"https:\/\/www.htmas.eu\/wp-content\/uploads\/2020\/01\/logo_htmas.png","contentUrl":"https:\/\/www.htmas.eu\/wp-content\/uploads\/2020\/01\/logo_htmas.png","width":695,"height":58,"caption":"HTMAS s.r.o."},"image":{"@id":"https:\/\/www.htmas.eu\/#\/schema\/logo\/image\/"}}]}},"_links":{"self":[{"href":"https:\/\/www.htmas.eu\/sk\/wp-json\/wp\/v2\/pages\/4548","targetHints":{"allow":["GET"]}}],"collection":[{"href":"https:\/\/www.htmas.eu\/sk\/wp-json\/wp\/v2\/pages"}],"about":[{"href":"https:\/\/www.htmas.eu\/sk\/wp-json\/wp\/v2\/types\/page"}],"author":[{"embeddable":true,"href":"https:\/\/www.htmas.eu\/sk\/wp-json\/wp\/v2\/users\/3"}],"replies":[{"embeddable":true,"href":"https:\/\/www.htmas.eu\/sk\/wp-json\/wp\/v2\/comments?post=4548"}],"version-history":[{"count":2,"href":"https:\/\/www.htmas.eu\/sk\/wp-json\/wp\/v2\/pages\/4548\/revisions"}],"predecessor-version":[{"id":4577,"href":"https:\/\/www.htmas.eu\/sk\/wp-json\/wp\/v2\/pages\/4548\/revisions\/4577"}],"wp:attachment":[{"href":"https:\/\/www.htmas.eu\/sk\/wp-json\/wp\/v2\/media?parent=4548"}],"curies":[{"name":"wp","href":"https:\/\/api.w.org\/{rel}","templated":true}]}}