{"id":5136,"date":"2025-03-31T19:26:33","date_gmt":"2025-03-31T19:26:33","guid":{"rendered":"https:\/\/www.htmas.eu\/?page_id=5136"},"modified":"2026-02-06T12:26:41","modified_gmt":"2026-02-06T12:26:41","slug":"eu-projects","status":"publish","type":"page","link":"https:\/\/www.htmas.eu\/sk\/eu-projects\/","title":{"rendered":"EU Projects"},"content":{"rendered":"<div class=\"wpb-content-wrapper\"><!-- CWS Row --><div class=\"cws-content clearfix\"><div class=\"vc_row wpb_row vc_row-fluid vc_custom_1579101384844 vc_row-o-equal-height vc_row-flex\"><div class=\"wpb_column vc_column_container vc_col-sm-6 vc_col-has-padding cws-column\"><div class=\"cws_vc_column-inner vc_custom_1579099836043\"><div class=\"wpb_column vc_column_container vc_col-sm-6\"><div class=\"vc_column-inner vc_custom_1579099836043\"><div class=\"wpb_wrapper\"><div class=\"cws_spacing cws_spacing_size_sm_desctop-on cws_spacing_tablet-on cws_spacing_mobile-on\"><div class=\"cws_spacing cws_spacing_default\" style=\"height:90px;\"><\/div> <div class=\"cws_spacing cws_spacing_size_sm_desctop\" style=\"height:90px;\"><\/div> <div class=\"cws_spacing cws_spacing_tablet\" style=\"height:50px;\"><\/div> <div class=\"cws_spacing cws_spacing_mobile\" style=\"height:0px;\"><\/div><\/div>\n\t<div  class=\"wpb_single_image wpb_content_element vc_align_left wpb_content_element\">\n\t\t\n\t\t<figure class=\"wpb_wrapper vc_figure\">\n\t\t\t<div class=\"vc_single_image-wrapper   vc_box_border_grey\"><img loading=\"lazy\" decoding=\"async\" width=\"1200\" height=\"1200\" src=\"https:\/\/www.htmas.eu\/wp-content\/uploads\/2025\/03\/digitalizacia.jpg\" class=\"vc_single_image-img attachment-full\" alt=\"\" title=\"digitalizacia\" srcset=\"https:\/\/www.htmas.eu\/wp-content\/uploads\/2025\/03\/digitalizacia.jpg 1200w, https:\/\/www.htmas.eu\/wp-content\/uploads\/2025\/03\/digitalizacia-300x300.jpg 300w, https:\/\/www.htmas.eu\/wp-content\/uploads\/2025\/03\/digitalizacia-1024x1024.jpg 1024w, https:\/\/www.htmas.eu\/wp-content\/uploads\/2025\/03\/digitalizacia-150x150.jpg 150w, https:\/\/www.htmas.eu\/wp-content\/uploads\/2025\/03\/digitalizacia-768x768.jpg 768w, https:\/\/www.htmas.eu\/wp-content\/uploads\/2025\/03\/digitalizacia-12x12.jpg 12w\" sizes=\"auto, (max-width: 1200px) 100vw, 1200px\" \/><\/div>\n\t\t<\/figure>\n\t<\/div>\n<\/div><\/div><\/div><!-- CWS Column --> <\/div><\/div><div class=\"wpb_column vc_column_container vc_col-sm-6 cws-column\"><div class=\"cws_vc_column-inner\"><div class=\"wpb_column vc_column_container vc_col-sm-6\"><div class=\"vc_column-inner\"><div class=\"wpb_wrapper\"><div class=\"cws_spacing cws_spacing_size_sm_desctop-on cws_spacing_tablet-on cws_spacing_mobile-on\"><div class=\"cws_spacing cws_spacing_default\" style=\"height:90px;\"><\/div> <div class=\"cws_spacing cws_spacing_size_sm_desctop\" style=\"height:90px;\"><\/div> <div class=\"cws_spacing cws_spacing_tablet\" style=\"height:50px;\"><\/div> <div class=\"cws_spacing cws_spacing_mobile\" style=\"height:0px;\"><\/div><\/div><div class='cws_textmodule cws_vc_shortcode_module' id='cws_textmodule_69e7325665c2f'><div class='cws_textmodule_wrapper'><div class='cws_textmodule_text text_align_left'><div class='cws_textmodule_titles display_block'><h4 class='cws_textmodule_subtitle'>Digit\u00e1lny voucher, 09I02-03-V04-00074<\/h4><h2 class='cws_textmodule_title'><span>N\u00e1vrh digitaliz\u00e1cie spolo\u010dnosti HTMAS, s.r.o.<\/span><\/h2><\/div><div class='cws_textmodule_content'><div class='text_content_wrapper'><p>Inform\u00e1cie o grante:<\/p>\n<p>Cie\u013eom projektu je n\u00e1vrh pre tvorbu unik\u00e1tneho rie\u0161enia digitaliz\u00e1cie dokumentov a automatiz\u00e1cie pracovn\u00fdch postupov, \u010do n\u00e1sledne nahrad\u00ed manu\u00e1lne v\u00fdkony a odb\u00fara nadbyto\u010dn\u00fa pr\u00e1cnos\u0165 pri na\u0161ich intern\u00fdch procesoch.<\/p>\n<p>Ciele a aktivity projektu:<br \/>\n- zrealizovan\u00edm uvedenej aktivity sa vyrie\u0161ia po\u017eiadavky, ktor\u00e9 s\u00fa nevyhnutn\u00e9 pre digitaliz\u00e1ciu spolo\u010dnosti,<br \/>\n- zrealizovan\u00edm uvedenej aktivity spolo\u0165nos\u0165 z\u00e1rove\u0148 zv\u00fd\u0161i svoju konkurencieschopnos\u0165 v eur\u00f3pskom priestore,<br \/>\n- automatiz\u00e1cia a digitaliz\u00e1cia podnikov\u00fdch procesov v spolo\u010dnosti HTMAS s.r.o.<\/p>\n<\/div><\/div><\/div><\/div><\/div><div class=\"cws_spacing cws_spacing_size_sm_desctop-on cws_spacing_tablet-on cws_spacing_mobile-on\"><div class=\"cws_spacing cws_spacing_default\" style=\"height:20px;\"><\/div> <div class=\"cws_spacing cws_spacing_size_sm_desctop\" style=\"height:20px;\"><\/div> <div class=\"cws_spacing cws_spacing_tablet\" style=\"height:20px;\"><\/div> <div class=\"cws_spacing cws_spacing_mobile\" style=\"height:20px;\"><\/div><\/div><div class=\"cws_spacing cws_spacing_size_sm_desctop-on cws_spacing_tablet-on cws_spacing_mobile-on\"><div class=\"cws_spacing cws_spacing_default\" style=\"height:20px;\"><\/div> <div class=\"cws_spacing cws_spacing_size_sm_desctop\" style=\"height:20px;\"><\/div> <div class=\"cws_spacing cws_spacing_tablet\" style=\"height:20px;\"><\/div> <div class=\"cws_spacing cws_spacing_mobile\" style=\"height:20px;\"><\/div><\/div><div class='cws_textmodule cws_vc_shortcode_module' id='cws_textmodule_69e7325666011'><div class='cws_textmodule_wrapper'><div class='cws_textmodule_text text_align_left'><div class='cws_textmodule_content'><div class='text_content_wrapper'><p style=\"text-align: right;\"><strong>V\u00fd\u0161ka poskytnut\u00e9ho grantu:<\/strong><br \/>\n17 010,00 EUR<\/p>\n<\/div><\/div><\/div><\/div><\/div><div class=\"cws_spacing cws_spacing_size_sm_desctop-on cws_spacing_tablet-on cws_spacing_mobile-on\"><div class=\"cws_spacing cws_spacing_default\" style=\"height:40px;\"><\/div> <div class=\"cws_spacing cws_spacing_size_sm_desctop\" style=\"height:40px;\"><\/div> <div class=\"cws_spacing cws_spacing_tablet\" style=\"height:40px;\"><\/div> <div class=\"cws_spacing cws_spacing_mobile\" style=\"height:40px;\"><\/div><\/div><\/div><\/div><\/div><!-- CWS Column --> <\/div><\/div><\/div><\/div><!-- CWS Row --><div class=\"cws-content clearfix\"><div class=\"vc_row wpb_row vc_row-fluid vc_custom_1579101384844 vc_row-o-equal-height vc_row-flex\"><div class=\"wpb_column vc_column_container vc_col-sm-6 vc_col-has-padding cws-column\"><div class=\"cws_vc_column-inner vc_custom_1579099836043\"><div class=\"wpb_column vc_column_container vc_col-sm-6\"><div class=\"vc_column-inner vc_custom_1579099836043\"><div class=\"wpb_wrapper\"><div class=\"cws_spacing cws_spacing_size_sm_desctop-on cws_spacing_tablet-on cws_spacing_mobile-on\"><div class=\"cws_spacing cws_spacing_default\" style=\"height:90px;\"><\/div> <div class=\"cws_spacing cws_spacing_size_sm_desctop\" style=\"height:90px;\"><\/div> <div class=\"cws_spacing cws_spacing_tablet\" style=\"height:50px;\"><\/div> <div class=\"cws_spacing cws_spacing_mobile\" style=\"height:0px;\"><\/div><\/div>\n\t<div  class=\"wpb_single_image wpb_content_element vc_align_left wpb_content_element\">\n\t\t\n\t\t<figure class=\"wpb_wrapper vc_figure\">\n\t\t\t<div class=\"vc_single_image-wrapper   vc_box_border_grey\"><img loading=\"lazy\" decoding=\"async\" width=\"1024\" height=\"683\" src=\"https:\/\/www.htmas.eu\/wp-content\/uploads\/2025\/03\/team-process-creation-1024x683.jpg\" class=\"vc_single_image-img attachment-large\" alt=\"\" title=\"team-process-creation\" srcset=\"https:\/\/www.htmas.eu\/wp-content\/uploads\/2025\/03\/team-process-creation-1024x683.jpg 1024w, https:\/\/www.htmas.eu\/wp-content\/uploads\/2025\/03\/team-process-creation-300x200.jpg 300w, https:\/\/www.htmas.eu\/wp-content\/uploads\/2025\/03\/team-process-creation-768x512.jpg 768w, https:\/\/www.htmas.eu\/wp-content\/uploads\/2025\/03\/team-process-creation-1536x1024.jpg 1536w, https:\/\/www.htmas.eu\/wp-content\/uploads\/2025\/03\/team-process-creation-2048x1366.jpg 2048w, https:\/\/www.htmas.eu\/wp-content\/uploads\/2025\/03\/team-process-creation-18x12.jpg 18w\" sizes=\"auto, (max-width: 1024px) 100vw, 1024px\" \/><\/div>\n\t\t<\/figure>\n\t<\/div>\n<\/div><\/div><\/div><!-- CWS Column --> <\/div><\/div><div class=\"wpb_column vc_column_container vc_col-sm-6 cws-column\"><div class=\"cws_vc_column-inner\"><div class=\"wpb_column vc_column_container vc_col-sm-6\"><div class=\"vc_column-inner\"><div class=\"wpb_wrapper\"><div class=\"cws_spacing cws_spacing_size_sm_desctop-on cws_spacing_tablet-on cws_spacing_mobile-on\"><div class=\"cws_spacing cws_spacing_default\" style=\"height:90px;\"><\/div> <div class=\"cws_spacing cws_spacing_size_sm_desctop\" style=\"height:90px;\"><\/div> <div class=\"cws_spacing cws_spacing_tablet\" style=\"height:50px;\"><\/div> <div class=\"cws_spacing cws_spacing_mobile\" style=\"height:0px;\"><\/div><\/div><div class='cws_textmodule cws_vc_shortcode_module' id='cws_textmodule_69e7325667840'><div class='cws_textmodule_wrapper'><div class='cws_textmodule_text text_align_left'><div class='cws_textmodule_titles display_block'><h4 class='cws_textmodule_subtitle'>Inova\u010dn\u00fd voucher, 09I02-03-V03-00033<\/h4><h2 class='cws_textmodule_title'><span>Inov\u00e1cia softv\u00e9ru spolo\u010dnosti HTMAS s.r.o.<\/span><\/h2><\/div><div class='cws_textmodule_content'><div class='text_content_wrapper'><p>Ciele a aktivity projektu:<\/p>\n<p>V\u00fdstupom slu\u017eby bude protoyp rie\u0161enia sl\u00fa\u017eiaceho na automatiz\u00e1ciu a digitaliz\u00e1ciu procesu riadenia objedn\u00e1vok. Rie\u0161enie bude nasaden\u00e9 do existuj\u00faceho z\u00e1kazn\u00edckeho prostredia Microsoft 365 a pripraven\u00e9 na pou\u017e\u00edvanie. S\u00fa\u010das\u0165ou v\u00fdstupu je dodanie dokument\u00e1cie s detailn\u00fdm popisom funk\u010dnosti rie\u0161enia a sp\u00f4sobu implement\u00e1cie.<br \/>\n- realiz\u00e1cia v\u00fdskumno-v\u00fdvojov\u00fdch slu\u017eieb<br \/>\n- automatiz\u00e1cia a digitaliz\u00e1cia podnikov\u00fdch procesov v spolo\u010dnosti HTMAS s.r.o.<\/p>\n<\/div><\/div><\/div><\/div><\/div><div class=\"cws_spacing cws_spacing_size_sm_desctop-on cws_spacing_tablet-on cws_spacing_mobile-on\"><div class=\"cws_spacing cws_spacing_default\" style=\"height:20px;\"><\/div> <div class=\"cws_spacing cws_spacing_size_sm_desctop\" style=\"height:20px;\"><\/div> <div class=\"cws_spacing cws_spacing_tablet\" style=\"height:20px;\"><\/div> <div class=\"cws_spacing cws_spacing_mobile\" style=\"height:20px;\"><\/div><\/div><div class=\"cws_spacing cws_spacing_size_sm_desctop-on cws_spacing_tablet-on cws_spacing_mobile-on\"><div class=\"cws_spacing cws_spacing_default\" style=\"height:20px;\"><\/div> <div class=\"cws_spacing cws_spacing_size_sm_desctop\" style=\"height:20px;\"><\/div> <div class=\"cws_spacing cws_spacing_tablet\" style=\"height:20px;\"><\/div> <div class=\"cws_spacing cws_spacing_mobile\" style=\"height:20px;\"><\/div><\/div><div class='cws_textmodule cws_vc_shortcode_module' id='cws_textmodule_69e7325667b64'><div class='cws_textmodule_wrapper'><div class='cws_textmodule_text text_align_left'><div class='cws_textmodule_content'><div class='text_content_wrapper'><p style=\"text-align: right;\"><strong>V\u00fd\u0161ka poskytnut\u00e9ho grantu:<\/strong><br \/>\n17 010,00 EUR<\/p>\n<\/div><\/div><\/div><\/div><\/div><div class=\"cws_spacing cws_spacing_size_sm_desctop-on cws_spacing_tablet-on cws_spacing_mobile-on\"><div class=\"cws_spacing cws_spacing_default\" style=\"height:40px;\"><\/div> <div class=\"cws_spacing cws_spacing_size_sm_desctop\" style=\"height:40px;\"><\/div> <div class=\"cws_spacing cws_spacing_tablet\" style=\"height:40px;\"><\/div> <div class=\"cws_spacing cws_spacing_mobile\" style=\"height:40px;\"><\/div><\/div><\/div><\/div><\/div><!-- CWS Column --> <\/div><\/div><\/div><\/div><!-- CWS Row --><div class=\"cws-content clearfix\"><div data-vc-full-width=\"true\" data-vc-full-width-init=\"false\" data-vc-stretch-content=\"true\" class=\"vc_row wpb_row vc_row-fluid vc_custom_1579100429683\"><div class=\"wpb_column vc_column_container vc_col-sm-12 cws-column\"><div class=\"cws_vc_column-inner\"><div class=\"wpb_column vc_column_container vc_col-sm-12\"><div class=\"vc_column-inner\"><div class=\"wpb_wrapper\"><div class=\"vc_empty_space\"   style=\"height: 5px\"><span class=\"vc_empty_space_inner\"><\/span><\/div><\/div><\/div><\/div><!-- CWS Column --> <\/div><\/div><\/div><div class=\"vc_row-full-width vc_clearfix\"><\/div><\/div><!-- CWS Row --><div class=\"cws-content clearfix\" style=\"background-repeat:no-repeat;background-size:cover;background-position:50% 100%;\"><div data-vc-full-width=\"true\" data-vc-full-width-init=\"false\" class=\"vc_row wpb_row vc_row-fluid vc_custom_1743452029287 vc_row-has-fill\"><div class=\"wpb_column vc_column_container vc_col-sm-12 cws-column\"><div class=\"cws_vc_column-inner\"><div class=\"wpb_column vc_column_container vc_col-sm-12\"><div class=\"vc_column-inner\"><div class=\"wpb_wrapper\"><div class=\"cws_spacing cws_spacing_size_sm_desctop-on cws_spacing_tablet-on cws_spacing_mobile-on\"><div class=\"cws_spacing cws_spacing_default\" style=\"height:150px;\"><\/div> <div class=\"cws_spacing cws_spacing_size_sm_desctop\" style=\"height:150px;\"><\/div> <div class=\"cws_spacing cws_spacing_tablet\" style=\"height:100px;\"><\/div> <div class=\"cws_spacing cws_spacing_mobile\" style=\"height:50px;\"><\/div><\/div><div class=\"vc_row wpb_row vc_inner vc_row-fluid\"><div class=\"wpb_column vc_column_container vc_col-sm-1\/5\"><div class=\"vc_column-inner\"><div class=\"wpb_wrapper\">\n\t<div  class=\"wpb_single_image wpb_content_element vc_align_left wpb_content_element\">\n\t\t\n\t\t<figure class=\"wpb_wrapper vc_figure\">\n\t\t\t<div class=\"vc_single_image-wrapper   vc_box_border_grey\"><img loading=\"lazy\" decoding=\"async\" width=\"504\" height=\"201\" src=\"https:\/\/www.htmas.eu\/wp-content\/uploads\/2025\/03\/logo_kyber-1.webp\" class=\"vc_single_image-img attachment-full\" alt=\"\" title=\"logo_kyber (1)\" srcset=\"https:\/\/www.htmas.eu\/wp-content\/uploads\/2025\/03\/logo_kyber-1.webp 504w, https:\/\/www.htmas.eu\/wp-content\/uploads\/2025\/03\/logo_kyber-1-300x120.webp 300w, https:\/\/www.htmas.eu\/wp-content\/uploads\/2025\/03\/logo_kyber-1-18x7.webp 18w\" sizes=\"auto, (max-width: 504px) 100vw, 504px\" \/><\/div>\n\t\t<\/figure>\n\t<\/div>\n<\/div><\/div><\/div><div class=\"wpb_column vc_column_container vc_col-sm-1\/5\"><div class=\"vc_column-inner\"><div class=\"wpb_wrapper\">\n\t<div  class=\"wpb_single_image wpb_content_element vc_align_left wpb_content_element\">\n\t\t\n\t\t<figure class=\"wpb_wrapper vc_figure\">\n\t\t\t<div class=\"vc_single_image-wrapper   vc_box_border_grey\"><img loading=\"lazy\" decoding=\"async\" width=\"504\" height=\"201\" src=\"https:\/\/www.htmas.eu\/wp-content\/uploads\/2025\/03\/logo_kyber-5.webp\" class=\"vc_single_image-img attachment-full\" alt=\"\" title=\"logo_kyber (5)\" srcset=\"https:\/\/www.htmas.eu\/wp-content\/uploads\/2025\/03\/logo_kyber-5.webp 504w, https:\/\/www.htmas.eu\/wp-content\/uploads\/2025\/03\/logo_kyber-5-300x120.webp 300w, https:\/\/www.htmas.eu\/wp-content\/uploads\/2025\/03\/logo_kyber-5-18x7.webp 18w\" sizes=\"auto, (max-width: 504px) 100vw, 504px\" \/><\/div>\n\t\t<\/figure>\n\t<\/div>\n<\/div><\/div><\/div><div class=\"wpb_column vc_column_container vc_col-sm-1\/5\"><div class=\"vc_column-inner\"><div class=\"wpb_wrapper\">\n\t<div  class=\"wpb_single_image wpb_content_element vc_align_left wpb_content_element\">\n\t\t\n\t\t<figure class=\"wpb_wrapper vc_figure\">\n\t\t\t<div class=\"vc_single_image-wrapper   vc_box_border_grey\"><img loading=\"lazy\" decoding=\"async\" width=\"504\" height=\"201\" src=\"https:\/\/www.htmas.eu\/wp-content\/uploads\/2025\/03\/logo_kyber-2.webp\" class=\"vc_single_image-img attachment-full\" alt=\"\" title=\"logo_kyber (2)\" srcset=\"https:\/\/www.htmas.eu\/wp-content\/uploads\/2025\/03\/logo_kyber-2.webp 504w, https:\/\/www.htmas.eu\/wp-content\/uploads\/2025\/03\/logo_kyber-2-300x120.webp 300w, https:\/\/www.htmas.eu\/wp-content\/uploads\/2025\/03\/logo_kyber-2-18x7.webp 18w\" sizes=\"auto, (max-width: 504px) 100vw, 504px\" \/><\/div>\n\t\t<\/figure>\n\t<\/div>\n<\/div><\/div><\/div><div class=\"wpb_column vc_column_container vc_col-sm-1\/5\"><div class=\"vc_column-inner\"><div class=\"wpb_wrapper\">\n\t<div  class=\"wpb_single_image wpb_content_element vc_align_left wpb_content_element\">\n\t\t\n\t\t<figure class=\"wpb_wrapper vc_figure\">\n\t\t\t<div class=\"vc_single_image-wrapper   vc_box_border_grey\"><img loading=\"lazy\" decoding=\"async\" width=\"504\" height=\"201\" src=\"https:\/\/www.htmas.eu\/wp-content\/uploads\/2025\/03\/logo_kyber-3.webp\" class=\"vc_single_image-img attachment-full\" alt=\"\" title=\"logo_kyber (3)\" srcset=\"https:\/\/www.htmas.eu\/wp-content\/uploads\/2025\/03\/logo_kyber-3.webp 504w, https:\/\/www.htmas.eu\/wp-content\/uploads\/2025\/03\/logo_kyber-3-300x120.webp 300w, https:\/\/www.htmas.eu\/wp-content\/uploads\/2025\/03\/logo_kyber-3-18x7.webp 18w\" sizes=\"auto, (max-width: 504px) 100vw, 504px\" \/><\/div>\n\t\t<\/figure>\n\t<\/div>\n<\/div><\/div><\/div><div class=\"wpb_column vc_column_container vc_col-sm-1\/5\"><div class=\"vc_column-inner\"><div class=\"wpb_wrapper\">\n\t<div  class=\"wpb_single_image wpb_content_element vc_align_left wpb_content_element\">\n\t\t\n\t\t<figure class=\"wpb_wrapper vc_figure\">\n\t\t\t<div class=\"vc_single_image-wrapper   vc_box_border_grey\"><img loading=\"lazy\" decoding=\"async\" width=\"504\" height=\"201\" src=\"https:\/\/www.htmas.eu\/wp-content\/uploads\/2025\/03\/logo_kyber-4.webp\" class=\"vc_single_image-img attachment-full\" alt=\"\" title=\"logo_kyber (4)\" srcset=\"https:\/\/www.htmas.eu\/wp-content\/uploads\/2025\/03\/logo_kyber-4.webp 504w, https:\/\/www.htmas.eu\/wp-content\/uploads\/2025\/03\/logo_kyber-4-300x120.webp 300w, https:\/\/www.htmas.eu\/wp-content\/uploads\/2025\/03\/logo_kyber-4-18x7.webp 18w\" sizes=\"auto, (max-width: 504px) 100vw, 504px\" \/><\/div>\n\t\t<\/figure>\n\t<\/div>\n<\/div><\/div><\/div><\/div><div class=\"cws_spacing cws_spacing_size_sm_desctop-on cws_spacing_tablet-on cws_spacing_mobile-on\"><div class=\"cws_spacing cws_spacing_default\" style=\"height:150px;\"><\/div> <div class=\"cws_spacing cws_spacing_size_sm_desctop\" style=\"height:150px;\"><\/div> <div class=\"cws_spacing cws_spacing_tablet\" style=\"height:100px;\"><\/div> <div class=\"cws_spacing cws_spacing_mobile\" style=\"height:50px;\"><\/div><\/div><\/div><\/div><\/div><!-- CWS Column --> <\/div><\/div><\/div><div class=\"vc_row-full-width vc_clearfix\"><\/div><\/div>\n<\/div>","protected":false},"excerpt":{"rendered":"Digital voucher, 09I02-03-V04-00074Proposal for digitalization of HTMAS, s.r.o.Grant information: The aim of the project is to design for the creation of a unique solution for document digitization and workflow automation, which in turn will replace manual tasks and eliminate redundant work in our internal processes. Project objectives and activities: \u2013 The implementation of the above activity will solve the requirements that are essential for the digitalization of the company, \u2013 the implementation of this activity will also increase the company\u2019s competitiveness in the European area. \u2013 Automation and digitalization of business processes in HTMAS s.r.o. Amount of grant provided: 17 010,00 EUR Innovation voucher, 09I02-03-V03-00033Software innovation of HTMAS, s.r.o.Objectives and activities of the project: The output of the service will be a prototype solution for automation and digitalization of the order management process. The solution will be deployed in the existing Microsoft 365 customer environment and ready for use. The deliverable includes the delivery of documentation detailing the functionality of the solution and how it will be implemented. \u2013 implementation of research and development services \u2013 Automation and digitalization of business processes at HTMAS s.r.o. Amount of grant provided: 17 010,00 EUR","protected":false},"author":3,"featured_media":0,"parent":0,"menu_order":0,"comment_status":"closed","ping_status":"closed","template":"","meta":{"footnotes":""},"class_list":["post-5136","page","type-page","status-publish","hentry"],"yoast_head":"<!-- This site is optimized with the Yoast SEO plugin v24.7 - https:\/\/yoast.com\/wordpress\/plugins\/seo\/ -->\n<title>EU Projects - HTMAS s.r.o.<\/title>\n<meta name=\"robots\" content=\"index, follow, max-snippet:-1, max-image-preview:large, max-video-preview:-1\" \/>\n<link rel=\"canonical\" href=\"https:\/\/www.htmas.eu\/sk\/eu-projects\/\" \/>\n<meta property=\"og:locale\" content=\"sk_SK\" \/>\n<meta property=\"og:type\" content=\"article\" \/>\n<meta property=\"og:title\" content=\"EU Projects - HTMAS s.r.o.\" \/>\n<meta property=\"og:url\" content=\"https:\/\/www.htmas.eu\/sk\/eu-projects\/\" \/>\n<meta property=\"og:site_name\" content=\"HTMAS s.r.o.\" \/>\n<meta property=\"article:modified_time\" content=\"2026-02-06T12:26:41+00:00\" \/>\n<meta name=\"twitter:card\" content=\"summary_large_image\" \/>\n<meta name=\"twitter:label1\" content=\"Predpokladan\u00fd \u010das \u010d\u00edtania\" \/>\n\t<meta name=\"twitter:data1\" content=\"2 min\u00faty\" \/>\n<script type=\"application\/ld+json\" class=\"yoast-schema-graph\">{\"@context\":\"https:\/\/schema.org\",\"@graph\":[{\"@type\":\"WebPage\",\"@id\":\"https:\/\/www.htmas.eu\/eu-projects\/\",\"url\":\"https:\/\/www.htmas.eu\/eu-projects\/\",\"name\":\"EU Projects - HTMAS s.r.o.\",\"isPartOf\":{\"@id\":\"https:\/\/www.htmas.eu\/#website\"},\"datePublished\":\"2025-03-31T19:26:33+00:00\",\"dateModified\":\"2026-02-06T12:26:41+00:00\",\"breadcrumb\":{\"@id\":\"https:\/\/www.htmas.eu\/eu-projects\/#breadcrumb\"},\"inLanguage\":\"sk-SK\",\"potentialAction\":[{\"@type\":\"ReadAction\",\"target\":[\"https:\/\/www.htmas.eu\/eu-projects\/\"]}]},{\"@type\":\"BreadcrumbList\",\"@id\":\"https:\/\/www.htmas.eu\/eu-projects\/#breadcrumb\",\"itemListElement\":[{\"@type\":\"ListItem\",\"position\":1,\"name\":\"Home\",\"item\":\"https:\/\/www.htmas.eu\/\"},{\"@type\":\"ListItem\",\"position\":2,\"name\":\"EU Projects\"}]},{\"@type\":\"WebSite\",\"@id\":\"https:\/\/www.htmas.eu\/#website\",\"url\":\"https:\/\/www.htmas.eu\/\",\"name\":\"HTMAS s.r.o.\",\"description\":\"..share your future with us\",\"publisher\":{\"@id\":\"https:\/\/www.htmas.eu\/#organization\"},\"potentialAction\":[{\"@type\":\"SearchAction\",\"target\":{\"@type\":\"EntryPoint\",\"urlTemplate\":\"https:\/\/www.htmas.eu\/?s={search_term_string}\"},\"query-input\":{\"@type\":\"PropertyValueSpecification\",\"valueRequired\":true,\"valueName\":\"search_term_string\"}}],\"inLanguage\":\"sk-SK\"},{\"@type\":\"Organization\",\"@id\":\"https:\/\/www.htmas.eu\/#organization\",\"name\":\"HTMAS s.r.o.\",\"url\":\"https:\/\/www.htmas.eu\/\",\"logo\":{\"@type\":\"ImageObject\",\"inLanguage\":\"sk-SK\",\"@id\":\"https:\/\/www.htmas.eu\/#\/schema\/logo\/image\/\",\"url\":\"https:\/\/www.htmas.eu\/wp-content\/uploads\/2020\/01\/logo_htmas.png\",\"contentUrl\":\"https:\/\/www.htmas.eu\/wp-content\/uploads\/2020\/01\/logo_htmas.png\",\"width\":695,\"height\":58,\"caption\":\"HTMAS s.r.o.\"},\"image\":{\"@id\":\"https:\/\/www.htmas.eu\/#\/schema\/logo\/image\/\"}}]}<\/script>\n<!-- \/ Yoast SEO plugin. -->","yoast_head_json":{"title":"EU Projects - HTMAS s.r.o.","robots":{"index":"index","follow":"follow","max-snippet":"max-snippet:-1","max-image-preview":"max-image-preview:large","max-video-preview":"max-video-preview:-1"},"canonical":"https:\/\/www.htmas.eu\/sk\/eu-projects\/","og_locale":"sk_SK","og_type":"article","og_title":"EU Projects - HTMAS s.r.o.","og_url":"https:\/\/www.htmas.eu\/sk\/eu-projects\/","og_site_name":"HTMAS s.r.o.","article_modified_time":"2026-02-06T12:26:41+00:00","twitter_card":"summary_large_image","twitter_misc":{"Predpokladan\u00fd \u010das \u010d\u00edtania":"2 min\u00faty"},"schema":{"@context":"https:\/\/schema.org","@graph":[{"@type":"WebPage","@id":"https:\/\/www.htmas.eu\/eu-projects\/","url":"https:\/\/www.htmas.eu\/eu-projects\/","name":"EU Projects - HTMAS s.r.o.","isPartOf":{"@id":"https:\/\/www.htmas.eu\/#website"},"datePublished":"2025-03-31T19:26:33+00:00","dateModified":"2026-02-06T12:26:41+00:00","breadcrumb":{"@id":"https:\/\/www.htmas.eu\/eu-projects\/#breadcrumb"},"inLanguage":"sk-SK","potentialAction":[{"@type":"ReadAction","target":["https:\/\/www.htmas.eu\/eu-projects\/"]}]},{"@type":"BreadcrumbList","@id":"https:\/\/www.htmas.eu\/eu-projects\/#breadcrumb","itemListElement":[{"@type":"ListItem","position":1,"name":"Home","item":"https:\/\/www.htmas.eu\/"},{"@type":"ListItem","position":2,"name":"EU Projects"}]},{"@type":"WebSite","@id":"https:\/\/www.htmas.eu\/#website","url":"https:\/\/www.htmas.eu\/","name":"HTMAS s.r.o.","description":"..share your future with us","publisher":{"@id":"https:\/\/www.htmas.eu\/#organization"},"potentialAction":[{"@type":"SearchAction","target":{"@type":"EntryPoint","urlTemplate":"https:\/\/www.htmas.eu\/?s={search_term_string}"},"query-input":{"@type":"PropertyValueSpecification","valueRequired":true,"valueName":"search_term_string"}}],"inLanguage":"sk-SK"},{"@type":"Organization","@id":"https:\/\/www.htmas.eu\/#organization","name":"HTMAS s.r.o.","url":"https:\/\/www.htmas.eu\/","logo":{"@type":"ImageObject","inLanguage":"sk-SK","@id":"https:\/\/www.htmas.eu\/#\/schema\/logo\/image\/","url":"https:\/\/www.htmas.eu\/wp-content\/uploads\/2020\/01\/logo_htmas.png","contentUrl":"https:\/\/www.htmas.eu\/wp-content\/uploads\/2020\/01\/logo_htmas.png","width":695,"height":58,"caption":"HTMAS s.r.o."},"image":{"@id":"https:\/\/www.htmas.eu\/#\/schema\/logo\/image\/"}}]}},"_links":{"self":[{"href":"https:\/\/www.htmas.eu\/sk\/wp-json\/wp\/v2\/pages\/5136","targetHints":{"allow":["GET"]}}],"collection":[{"href":"https:\/\/www.htmas.eu\/sk\/wp-json\/wp\/v2\/pages"}],"about":[{"href":"https:\/\/www.htmas.eu\/sk\/wp-json\/wp\/v2\/types\/page"}],"author":[{"embeddable":true,"href":"https:\/\/www.htmas.eu\/sk\/wp-json\/wp\/v2\/users\/3"}],"replies":[{"embeddable":true,"href":"https:\/\/www.htmas.eu\/sk\/wp-json\/wp\/v2\/comments?post=5136"}],"version-history":[{"count":6,"href":"https:\/\/www.htmas.eu\/sk\/wp-json\/wp\/v2\/pages\/5136\/revisions"}],"predecessor-version":[{"id":5151,"href":"https:\/\/www.htmas.eu\/sk\/wp-json\/wp\/v2\/pages\/5136\/revisions\/5151"}],"wp:attachment":[{"href":"https:\/\/www.htmas.eu\/sk\/wp-json\/wp\/v2\/media?parent=5136"}],"curies":[{"name":"wp","href":"https:\/\/api.w.org\/{rel}","templated":true}]}}